{"id":4775,"date":"2020-10-29T20:26:14","date_gmt":"2020-10-29T20:26:14","guid":{"rendered":"https:\/\/tio-pnevmatika.si\/o-nama\/"},"modified":"2023-12-09T14:49:38","modified_gmt":"2023-12-09T14:49:38","slug":"o-nama","status":"publish","type":"page","link":"https:\/\/tio-pnevmatika.si\/sr\/o-nama\/","title":{"rendered":"O nama"},"content":{"rendered":"<section class=\"kc-elm kc-css-995083 kc_row\"><div class=\"kc-row-container  kc-container\"><div class=\"kc-wrap-columns\"><div class=\"kc-elm kc-css-114829 kc_col-sm-12 kc_column kc_col-sm-12\"><div class=\"kc-col-container\"><div class=\"kc-elm kc-css-730049 kc_text_block\"><\/p>\n<style type=\"text\/css\"><span style=\"display: inline-block; width: 0px; overflow: hidden; line-height: 0;\" data-mce-type=\"bookmark\" class=\"mce_SELRES_start\">\ufeff<\/span><span style=\"display: inline-block; width: 0px; overflow: hidden; line-height: 0;\" data-mce-type=\"bookmark\" class=\"mce_SELRES_start\">\ufeff<\/span><span style=\"display: inline-block; width: 0px; overflow: hidden; line-height: 0;\" data-mce-type=\"bookmark\" class=\"mce_SELRES_start\">\ufeff<\/span>body.kc-css-system .kc-css-851452{margin-right: 0px;margin-left: 0px;padding-right: 100px;padding-left: 100px;}body.kc-css-system .kc-css-374673{margin-right: 0px;margin-left: 0px;padding-right: 100px;padding-left: 100px;}body.kc-css-system .kc-css-799748{padding-top: 16px;}@media only screen and (max-width: 1024px){body.kc-css-system .kc-css-851452{margin-right: 0px;margin-left: 0px;}body.kc-css-system .kc-css-374673{margin-right: 0px;margin-left: 0px;}}@media only screen and (max-width: 999px){body.kc-css-system .kc-css-851452{padding-right: 16px;padding-left: 16px;}body.kc-css-system .kc-css-374673{padding-right: 16px;padding-left: 16px;}}@media only screen and (max-width: 479px){body.kc-css-system .kc-css-851452{margin-right: 0px;margin-left: 0px;padding-right: 0px;padding-left: 0px;}body.kc-css-system .kc-css-374673{margin-right: 0px;margin-left: 0px;padding-right: 0px;padding-left: 0px;}}<\/style>\n<section class=\"kc-elm kc-css-851452 kc_row\">\n<div class=\"kc-row-container kc-container\">\n<div class=\"kc-wrap-columns\">\n<div class=\"kc-elm kc-css-654881 kc_col-sm-12 kc_column kc_col-sm-12\">\n<div class=\"kc-col-container\">\n<div class=\"ind-title-wrap\">\n<h5 class=\"ind-title\">Vizija<\/h5>\n<\/div>\n<div class=\"kc-elm kc-css-659854 kc_text_block\">\n<p>Zastupanjem renomiranih svetskih proizvo\u0111a\u010da i sopstvenom proizvodnjom i razvojem, kupcima nudimo kvalitetna i zanimljiva re\u0161enja iz \u010ditave oblasti pneumatike. \u017delimo da gradimo dugoro\u010dno partnerstvo kroz konsultacije i saradnju u re\u0161avanju problema i korektnim odnosima.<\/p>\n<\/div>\n<\/div>\n<\/div>\n<\/div>\n<\/div>\n<\/section>\n<section class=\"kc-elm kc-css-374673 kc_row\">\n<div class=\"kc-row-container kc-container\">\n<div class=\"kc-wrap-columns\">\n<div class=\"kc-elm kc-css-561872 kc_col-sm-12 kc_column kc_col-sm-12\">\n<div class=\"kc-col-container\">\n<div class=\"ind-title-wrap\">\n<h5 class=\"ind-title\">Istorijat<\/h5>\n<\/div>\n<div class=\"kc-elm kc-css-799748 kc_text_block\">\n<div class=\"about-us-container\">\n<div class=\"about-us-inner-container\">\n<div style=\"width: 2px; background-color: #26abe4; flex-shrink: 0;\"><\/div>\n<div>\n<div class=\"about-us-section\">\n<div class=\"about-us-timeline-spot\"><\/div>\n<p><b>1954<\/b> &#8211; KEM (Metalsko-elektromehani\u010dko preduzec\u0301e, uslu\u017ene delatnosti) postaje Tovarna industrijske opreme &#8211; TIO Lesce. Proizvodni program obuhvata proizvodnju merne i kontrolne opreme, tipi\u010dni proizvodi su hidrauli\u010dki regulatori.<\/p>\n<\/div>\n<div class=\"about-us-section\">\n<div class=\"about-us-timeline-spot\"><\/div>\n<p><b>1960<\/b> &#8211; Na dr\u017eavnom nivou osniva se Udru\u017eenje za automatizaciju, \u010diji je \u010dlan i TIO.<\/p>\n<\/div>\n<div class=\"about-us-section\">\n<div class=\"about-us-timeline-spot\"><\/div>\n<p><b>1965<\/b> &#8211; pripremljena je celokupna razvojno-tehnolo\u0161ka dokumentacija i po\u010detak serijske proizvodnje industrijske pneumatike i predata u TIO u Institutu za automatiku. Za kratko vreme, TIO je postao jedan od najzna\u010dajnijih proizvo\u0111a\u010da industrijske pneumatike u \u200b\u200bbiv\u0161oj Jugoslaviji, sa tr\u017ei\u0161nim udelom od oko 40%.<\/p>\n<\/div>\n<div class=\"about-us-section\">\n<div class=\"about-us-timeline-spot\"><\/div>\n<p><b>1976<\/b> &#8211; TIO se priklju\u010duje VERIGA Le\u0161c\u0301e, grade se novi proizvodni i administrativni prostori, organizuje sopstvena razvojna slu\u017eba i po\u010dinje me\u0111unarodna saradnja.<\/p>\n<\/div>\n<div class=\"about-us-section\">\n<div class=\"about-us-timeline-spot\"><\/div>\n<p><b>1991<\/b> &#8211; Kolaps jugoslovenskog jedinstvenog tr\u017ei\u0161ta rezultat je poslovnih pote\u0161koc\u0301a.<\/p>\n<\/div>\n<div class=\"about-us-section\">\n<div class=\"about-us-timeline-spot\"><\/div>\n<p><b>1994<\/b> &#8211; transformacija preduzec\u0301a i stvaranje samostalnog preduzec\u0301a TIO Pnevmatika, d. o. o., koja posluje u okviru poslovnog sistema Slovena\u010dke industrije \u010delika (SIJ d.d.).<\/p>\n<\/div>\n<div class=\"about-us-section\">\n<div class=\"about-us-timeline-spot\"><\/div>\n<p><b>2000<\/b> &#8211; Isklju\u010denje kompanije iz grupe SIJ d.d., TIO Pnevmatika postaje preduzec\u0301e u privatnim rukama<\/p>\n<\/div>\n<div class=\"about-us-section\">\n<div class=\"about-us-timeline-spot\"><\/div>\n<p><b>2015<\/b> &#8211; po\u010detak povezivanja sa svetskim proizvo\u0111a\u010dima pneumatike u \u200b\u200boblasti transfera znanja i marketinga njihovih proizvoda u biv\u0161oj Jugoslaviji.<\/p>\n<\/div>\n<\/div>\n<\/div>\n<div class=\"about-us-images-container\">\n<div><img decoding=\"async\" src=\"https:\/\/tio-pnevmatika.si\/wp-content\/uploads\/ostalo\/o-nas\/1.jpg\" \/><\/div>\n<div><img decoding=\"async\" src=\"https:\/\/tio-pnevmatika.si\/wp-content\/uploads\/ostalo\/o-nas\/2.jpg\" \/><\/div>\n<div><img decoding=\"async\" src=\"https:\/\/tio-pnevmatika.si\/wp-content\/uploads\/ostalo\/o-nas\/3.jpg\" \/><\/div>\n<div><img decoding=\"async\" src=\"https:\/\/tio-pnevmatika.si\/wp-content\/uploads\/ostalo\/o-nas\/4.jpg\" \/><\/div>\n<div class=\"about-us-two-imgs\"><img decoding=\"async\" src=\"https:\/\/tio-pnevmatika.si\/wp-content\/uploads\/ostalo\/o-nas\/5.jpg\" \/><br \/>\n<img decoding=\"async\" src=\"https:\/\/tio-pnevmatika.si\/wp-content\/uploads\/ostalo\/o-nas\/6.jpg\" \/><\/div>\n<div><img decoding=\"async\" src=\"https:\/\/tio-pnevmatika.si\/wp-content\/uploads\/ostalo\/o-nas\/7.jpg\" \/><\/div>\n<div class=\"about-us-two-imgs\"><img decoding=\"async\" src=\"https:\/\/tio-pnevmatika.si\/wp-content\/uploads\/ostalo\/o-nas\/8.jpg\" \/><br \/>\n<img decoding=\"async\" src=\"https:\/\/tio-pnevmatika.si\/wp-content\/uploads\/ostalo\/o-nas\/9.jpg\" \/><\/div>\n<div><img decoding=\"async\" src=\"https:\/\/tio-pnevmatika.si\/wp-content\/uploads\/ostalo\/o-nas\/10.jpg\" \/><\/div>\n<\/div>\n<\/div>\n<\/div>\n<\/div>\n<\/div>\n<\/div>\n<\/div>\n<\/section>\n<p>\n<\/div><\/div><\/div><\/div><\/div><\/section>\n","protected":false},"excerpt":{"rendered":"","protected":false},"author":1,"featured_media":0,"parent":0,"menu_order":0,"comment_status":"closed","ping_status":"closed","template":"page-tpl_full_width.php","meta":{"footnotes":""},"class_list":["post-4775","page","type-page","status-publish","hentry"],"yoast_head":"<!-- This site is optimized with the Yoast SEO plugin v23.6 - https:\/\/yoast.com\/wordpress\/plugins\/seo\/ -->\n<title>O nama - Tio Pnevmatika<\/title>\n<meta name=\"robots\" content=\"index, follow, max-snippet:-1, max-image-preview:large, max-video-preview:-1\" \/>\n<link rel=\"canonical\" href=\"https:\/\/tio-pnevmatika.si\/sr\/o-nama\/\" \/>\n<meta property=\"og:locale\" content=\"sr_RS\" \/>\n<meta property=\"og:type\" content=\"article\" \/>\n<meta property=\"og:title\" content=\"O nama - Tio Pnevmatika\" \/>\n<meta property=\"og:description\" content=\"Vizija Zastupanjem renomiranih svetskih proizvo\u0111a\u010da i sopstvenom proizvodnjom i razvojem, kupcima nudimo kvalitetna i zanimljiva re\u0161enja iz \u010ditave oblasti pneumatike. \u017delimo da gradimo dugoro\u010dno partnerstvo kroz konsultacije i saradnju u re\u0161avanju problema i korektnim odnosima. Istorijat 1954 &#8211; KEM (Metalsko-elektromehani\u010dko preduzec\u0301e, uslu\u017ene delatnosti) postaje Tovarna industrijske opreme &#8211; TIO Lesce. Proizvodni program obuhvata proizvodnju merne [&hellip;]\" \/>\n<meta property=\"og:url\" content=\"https:\/\/tio-pnevmatika.si\/sr\/o-nama\/\" \/>\n<meta property=\"og:site_name\" content=\"Tio Pnevmatika\" \/>\n<meta property=\"article:publisher\" content=\"https:\/\/www.facebook.com\/tiopnevmatika\/\" \/>\n<meta property=\"article:modified_time\" content=\"2023-12-09T14:49:38+00:00\" \/>\n<meta property=\"og:image\" content=\"https:\/\/tio-pnevmatika.si\/wp-content\/uploads\/ostalo\/o-nas\/1.jpg\" \/>\n<meta name=\"twitter:card\" content=\"summary_large_image\" \/>\n<meta name=\"twitter:label1\" content=\"\u041f\u0440\u043e\u0446\u0435\u045a\u0435\u043d\u043e \u0432\u0440\u0435\u043c\u0435 \u0447\u0438\u0442\u0430\u045a\u0430\" \/>\n\t<meta name=\"twitter:data1\" content=\"4 \u043c\u0438\u043d\u0443\u0442\u0430\" \/>\n<script type=\"application\/ld+json\" class=\"yoast-schema-graph\">{\"@context\":\"https:\/\/schema.org\",\"@graph\":[{\"@type\":\"WebPage\",\"@id\":\"https:\/\/tio-pnevmatika.si\/sr\/o-nama\/\",\"url\":\"https:\/\/tio-pnevmatika.si\/sr\/o-nama\/\",\"name\":\"O nama - Tio Pnevmatika\",\"isPartOf\":{\"@id\":\"https:\/\/tio-pnevmatika.si\/sr\/#website\"},\"primaryImageOfPage\":{\"@id\":\"https:\/\/tio-pnevmatika.si\/sr\/o-nama\/#primaryimage\"},\"image\":{\"@id\":\"https:\/\/tio-pnevmatika.si\/sr\/o-nama\/#primaryimage\"},\"thumbnailUrl\":\"https:\/\/tio-pnevmatika.si\/wp-content\/uploads\/ostalo\/o-nas\/1.jpg\",\"datePublished\":\"2020-10-29T20:26:14+00:00\",\"dateModified\":\"2023-12-09T14:49:38+00:00\",\"breadcrumb\":{\"@id\":\"https:\/\/tio-pnevmatika.si\/sr\/o-nama\/#breadcrumb\"},\"inLanguage\":\"sr-RS\",\"potentialAction\":[{\"@type\":\"ReadAction\",\"target\":[\"https:\/\/tio-pnevmatika.si\/sr\/o-nama\/\"]}]},{\"@type\":\"ImageObject\",\"inLanguage\":\"sr-RS\",\"@id\":\"https:\/\/tio-pnevmatika.si\/sr\/o-nama\/#primaryimage\",\"url\":\"https:\/\/tio-pnevmatika.si\/wp-content\/uploads\/ostalo\/o-nas\/1.jpg\",\"contentUrl\":\"https:\/\/tio-pnevmatika.si\/wp-content\/uploads\/ostalo\/o-nas\/1.jpg\"},{\"@type\":\"BreadcrumbList\",\"@id\":\"https:\/\/tio-pnevmatika.si\/sr\/o-nama\/#breadcrumb\",\"itemListElement\":[{\"@type\":\"ListItem\",\"position\":1,\"name\":\"Po\u010detna stranica\",\"item\":\"https:\/\/tio-pnevmatika.si\/sr\/\"},{\"@type\":\"ListItem\",\"position\":2,\"name\":\"O nama\"}]},{\"@type\":\"WebSite\",\"@id\":\"https:\/\/tio-pnevmatika.si\/sr\/#website\",\"url\":\"https:\/\/tio-pnevmatika.si\/sr\/\",\"name\":\"Tio Pnevmatika\",\"description\":\"Izdelava pnevmatskih komponent.\",\"publisher\":{\"@id\":\"https:\/\/tio-pnevmatika.si\/sr\/#organization\"},\"potentialAction\":[{\"@type\":\"SearchAction\",\"target\":{\"@type\":\"EntryPoint\",\"urlTemplate\":\"https:\/\/tio-pnevmatika.si\/sr\/?s={search_term_string}\"},\"query-input\":{\"@type\":\"PropertyValueSpecification\",\"valueRequired\":true,\"valueName\":\"search_term_string\"}}],\"inLanguage\":\"sr-RS\"},{\"@type\":\"Organization\",\"@id\":\"https:\/\/tio-pnevmatika.si\/sr\/#organization\",\"name\":\"Tio Pneumatika\",\"url\":\"https:\/\/tio-pnevmatika.si\/sr\/\",\"logo\":{\"@type\":\"ImageObject\",\"inLanguage\":\"sr-RS\",\"@id\":\"https:\/\/tio-pnevmatika.si\/sr\/#\/schema\/logo\/image\/\",\"url\":\"https:\/\/tio-pnevmatika.si\/wp-content\/uploads\/2020\/06\/tio_logo_new_web.jpg\",\"contentUrl\":\"https:\/\/tio-pnevmatika.si\/wp-content\/uploads\/2020\/06\/tio_logo_new_web.jpg\",\"width\":500,\"height\":167,\"caption\":\"Tio Pneumatika\"},\"image\":{\"@id\":\"https:\/\/tio-pnevmatika.si\/sr\/#\/schema\/logo\/image\/\"},\"sameAs\":[\"https:\/\/www.facebook.com\/tiopnevmatika\/\",\"https:\/\/www.instagram.com\/tiopnevmatika\/\",\"https:\/\/www.linkedin.com\/company\/tio-pnevmatika\"]}]}<\/script>\n<!-- \/ Yoast SEO plugin. -->","yoast_head_json":{"title":"O nama - Tio Pnevmatika","robots":{"index":"index","follow":"follow","max-snippet":"max-snippet:-1","max-image-preview":"max-image-preview:large","max-video-preview":"max-video-preview:-1"},"canonical":"https:\/\/tio-pnevmatika.si\/sr\/o-nama\/","og_locale":"sr_RS","og_type":"article","og_title":"O nama - Tio Pnevmatika","og_description":"Vizija Zastupanjem renomiranih svetskih proizvo\u0111a\u010da i sopstvenom proizvodnjom i razvojem, kupcima nudimo kvalitetna i zanimljiva re\u0161enja iz \u010ditave oblasti pneumatike. \u017delimo da gradimo dugoro\u010dno partnerstvo kroz konsultacije i saradnju u re\u0161avanju problema i korektnim odnosima. Istorijat 1954 &#8211; KEM (Metalsko-elektromehani\u010dko preduzec\u0301e, uslu\u017ene delatnosti) postaje Tovarna industrijske opreme &#8211; TIO Lesce. Proizvodni program obuhvata proizvodnju merne [&hellip;]","og_url":"https:\/\/tio-pnevmatika.si\/sr\/o-nama\/","og_site_name":"Tio Pnevmatika","article_publisher":"https:\/\/www.facebook.com\/tiopnevmatika\/","article_modified_time":"2023-12-09T14:49:38+00:00","og_image":[{"url":"https:\/\/tio-pnevmatika.si\/wp-content\/uploads\/ostalo\/o-nas\/1.jpg"}],"twitter_card":"summary_large_image","twitter_misc":{"\u041f\u0440\u043e\u0446\u0435\u045a\u0435\u043d\u043e \u0432\u0440\u0435\u043c\u0435 \u0447\u0438\u0442\u0430\u045a\u0430":"4 \u043c\u0438\u043d\u0443\u0442\u0430"},"schema":{"@context":"https:\/\/schema.org","@graph":[{"@type":"WebPage","@id":"https:\/\/tio-pnevmatika.si\/sr\/o-nama\/","url":"https:\/\/tio-pnevmatika.si\/sr\/o-nama\/","name":"O nama - Tio Pnevmatika","isPartOf":{"@id":"https:\/\/tio-pnevmatika.si\/sr\/#website"},"primaryImageOfPage":{"@id":"https:\/\/tio-pnevmatika.si\/sr\/o-nama\/#primaryimage"},"image":{"@id":"https:\/\/tio-pnevmatika.si\/sr\/o-nama\/#primaryimage"},"thumbnailUrl":"https:\/\/tio-pnevmatika.si\/wp-content\/uploads\/ostalo\/o-nas\/1.jpg","datePublished":"2020-10-29T20:26:14+00:00","dateModified":"2023-12-09T14:49:38+00:00","breadcrumb":{"@id":"https:\/\/tio-pnevmatika.si\/sr\/o-nama\/#breadcrumb"},"inLanguage":"sr-RS","potentialAction":[{"@type":"ReadAction","target":["https:\/\/tio-pnevmatika.si\/sr\/o-nama\/"]}]},{"@type":"ImageObject","inLanguage":"sr-RS","@id":"https:\/\/tio-pnevmatika.si\/sr\/o-nama\/#primaryimage","url":"https:\/\/tio-pnevmatika.si\/wp-content\/uploads\/ostalo\/o-nas\/1.jpg","contentUrl":"https:\/\/tio-pnevmatika.si\/wp-content\/uploads\/ostalo\/o-nas\/1.jpg"},{"@type":"BreadcrumbList","@id":"https:\/\/tio-pnevmatika.si\/sr\/o-nama\/#breadcrumb","itemListElement":[{"@type":"ListItem","position":1,"name":"Po\u010detna stranica","item":"https:\/\/tio-pnevmatika.si\/sr\/"},{"@type":"ListItem","position":2,"name":"O nama"}]},{"@type":"WebSite","@id":"https:\/\/tio-pnevmatika.si\/sr\/#website","url":"https:\/\/tio-pnevmatika.si\/sr\/","name":"Tio Pnevmatika","description":"Izdelava pnevmatskih komponent.","publisher":{"@id":"https:\/\/tio-pnevmatika.si\/sr\/#organization"},"potentialAction":[{"@type":"SearchAction","target":{"@type":"EntryPoint","urlTemplate":"https:\/\/tio-pnevmatika.si\/sr\/?s={search_term_string}"},"query-input":{"@type":"PropertyValueSpecification","valueRequired":true,"valueName":"search_term_string"}}],"inLanguage":"sr-RS"},{"@type":"Organization","@id":"https:\/\/tio-pnevmatika.si\/sr\/#organization","name":"Tio Pneumatika","url":"https:\/\/tio-pnevmatika.si\/sr\/","logo":{"@type":"ImageObject","inLanguage":"sr-RS","@id":"https:\/\/tio-pnevmatika.si\/sr\/#\/schema\/logo\/image\/","url":"https:\/\/tio-pnevmatika.si\/wp-content\/uploads\/2020\/06\/tio_logo_new_web.jpg","contentUrl":"https:\/\/tio-pnevmatika.si\/wp-content\/uploads\/2020\/06\/tio_logo_new_web.jpg","width":500,"height":167,"caption":"Tio Pneumatika"},"image":{"@id":"https:\/\/tio-pnevmatika.si\/sr\/#\/schema\/logo\/image\/"},"sameAs":["https:\/\/www.facebook.com\/tiopnevmatika\/","https:\/\/www.instagram.com\/tiopnevmatika\/","https:\/\/www.linkedin.com\/company\/tio-pnevmatika"]}]}},"_links":{"self":[{"href":"https:\/\/tio-pnevmatika.si\/sr\/wp-json\/wp\/v2\/pages\/4775"}],"collection":[{"href":"https:\/\/tio-pnevmatika.si\/sr\/wp-json\/wp\/v2\/pages"}],"about":[{"href":"https:\/\/tio-pnevmatika.si\/sr\/wp-json\/wp\/v2\/types\/page"}],"author":[{"embeddable":true,"href":"https:\/\/tio-pnevmatika.si\/sr\/wp-json\/wp\/v2\/users\/1"}],"replies":[{"embeddable":true,"href":"https:\/\/tio-pnevmatika.si\/sr\/wp-json\/wp\/v2\/comments?post=4775"}],"version-history":[{"count":6,"href":"https:\/\/tio-pnevmatika.si\/sr\/wp-json\/wp\/v2\/pages\/4775\/revisions"}],"predecessor-version":[{"id":6175,"href":"https:\/\/tio-pnevmatika.si\/sr\/wp-json\/wp\/v2\/pages\/4775\/revisions\/6175"}],"wp:attachment":[{"href":"https:\/\/tio-pnevmatika.si\/sr\/wp-json\/wp\/v2\/media?parent=4775"}],"curies":[{"name":"wp","href":"https:\/\/api.w.org\/{rel}","templated":true}]}}