{"id":6050,"date":"2023-05-23T14:43:11","date_gmt":"2023-05-23T14:43:11","guid":{"rendered":"https:\/\/tio-pnevmatika.si\/jorc\/"},"modified":"2023-11-22T16:09:10","modified_gmt":"2023-11-22T16:09:10","slug":"jorc","status":"publish","type":"page","link":"https:\/\/tio-pnevmatika.si\/sr\/jorc\/","title":{"rendered":"Jorc"},"content":{"rendered":"<section class=\"kc-elm kc-css-994507 kc_row\"><div class=\"kc-row-container  kc-container\"><div class=\"kc-wrap-columns\"><div class=\"kc-elm kc-css-111397 kc_col-sm-12 kc_column kc_col-sm-12\"><div class=\"kc-col-container\"><div class=\"kc-elm kc-css-211256 kc_text_block\"><\/p>\n<p><style type=\"text\/css\"><span style=\"display: inline-block; width: 0px; overflow: hidden; line-height: 0;\" data-mce-type=\"bookmark\" class=\"mce_SELRES_start\">\ufeff<\/span>@media only screen and (min-width: 1000px) and (max-width: 5000px){body.kc-css-system .kc-css-2987634{width: 50%;}body.kc-css-system .kc-css-2013793{width: 50%;}body.kc-css-system .kc-css-2786194{width: 50%;}body.kc-css-system .kc-css-4029157{width: 50%;}}body.kc-css-system .kc-css-2662547 img{padding-bottom: 16px;}body.kc-css-system .kc-css-70478{margin-bottom: 16px;width: 312px;}body.kc-css-system .kc-css-2054422 .kc_button{color: #919191;background-color: #e8e8e8;font-weight: 500;}body.kc-css-system .kc-css-2054422 .kc_button:hover{color: #414141;}body.kc-css-system .kc-css-2706520{margin-top: 16px;}body.kc-css-system .kc-css-2102068 img{box-shadow: 6px 6px 12px #dfdfdf;;}body.kc-css-system .kc-css-750024 img{box-shadow: 6px 6px 12px #dfdfdf;}<\/style>\n<\/p>\n<section class=\"kc-elm kc-css-3102421 kc_row\">\n<div class=\"kc-row-container kc-container\">\n<div class=\"kc-wrap-columns\">\n<div class=\"kc-elm kc-css-2266254 kc_col-sm-12 kc_column kc_col-sm-12\">\n<div class=\"kc-col-container\">\n<div class=\"kc-elm kc-css-2662547 kc_shortcode kc_single_image\">\n<p><img decoding=\"async\" class=\"\" src=\"https:\/\/tio-pnevmatika.si\/wp-content\/uploads\/2023\/05\/jorc_web_width-300.jpg\" alt=\"\" \/><\/p>\n<\/div>\n<\/div>\n<\/div>\n<\/div>\n<\/div>\n<\/section>\n<section class=\"kc-elm kc-css-852629 kc_row\">\n<div class=\"kc-row-container kc-container\">\n<div class=\"kc-wrap-columns\">\n<div class=\"kc-elm kc-css-2147554 kc_col-sm-12 kc_column kc_col-sm-12\">\n<div class=\"kc-col-container\">\n<div class=\"kc-elm kc-css-2111247 kc_text_block\">\n<p>Specijalisti za projektovanje, konstrukciju i ugradnju preciznih ure\u0111aja, sistema i opreme za obradu kriogenih te\u010dnosti. Karakteri\u0161e ga stalni rast, nadogradnja i \u0161irenje jedinstvenog asortimana proizvoda koji u potpunosti zadovoljavaju potrebe proizvodnje i distribucije industrijskih, \u010distih, medicinskih i prehrambenih gasova.<\/p>\n<\/div>\n<p>Osnovan 1991. godine, specijalizovan za tretman kondenzata proizvedenog tokom proizvodnje komprimovanog vazduha. Glavni proizvodi su aplikacije za ispu\u0161tanje kondenzata, separatori ulja i proizvodi za u\u0161tedu komprimovanog vazduha. Pru\u017eaju proizvode visokog kvaliteta za optimalnu cenu i brzu isporuku. Njihovi proizvodi su prisutni u vi\u0161e od 100 zemalja \u0161irom sveta.<span id=\"docs-internal-guid-58df3904-7fff-9d7b-f243-9c19fbbf1a17\" style=\"font-size: 12pt; font-family: Arial,sans-serif; color: #70757a; background-color: #f8f9fa; font-weight: 400; font-style: normal; font-variant: normal; text-decoration: none; vertical-align: baseline; white-space: pre-wrap;\"><\/span><\/p>\n<\/div>\n<\/div>\n<\/div>\n<\/div>\n<\/section>\n<section class=\"kc-elm kc-css-70478 kc_row\">\n<div class=\"kc-row-container kc-container\">\n<div class=\"kc-wrap-columns\">\n<div class=\"kc-elm kc-css-2987634 kc_col-sm-6 kc_column kc_col-sm-6\">\n<div class=\"kc-col-container\">\n<div class=\"kc-elm kc-css-2054422\"><a class=\"kc_button\" title=\"ZVANI\u010cNA INTERNET STRANICA\" href=\"https:\/\/www.jorc.com\/en-si\/\" target=\"_blank\" rel=\"noopener\" data-on=\"\">ZVANI\u010cNA INTERNET STRANICA<\/a><\/div>\n<\/div>\n<\/div>\n<div class=\"kc-elm kc-css-2013793 kc_col-sm-6 kc_column kc_col-sm-6\">\n<div class=\"kc-col-container\">\u00a0<\/div>\n<\/div>\n<\/div>\n<\/div>\n<\/section>\n<section class=\"kc-elm kc-css-2706520 kc_row\">\n<div class=\"kc-row-container kc-container\">\n<div class=\"kc-wrap-columns\">\n<div class=\"kc-elm kc-css-2786194 kc_col-sm-6 kc_column kc_col-sm-6\">\n<div class=\"kc-col-container\">\n<div class=\"kc-elm kc-css-2102068 kc_shortcode kc_single_image\">\n<p><img decoding=\"async\" class=\"\" src=\"https:\/\/tio-pnevmatika.si\/wp-content\/uploads\/2023\/05\/jorc_1.jpg\" alt=\"\" \/><\/p>\n<\/div>\n<\/div>\n<\/div>\n<div class=\"kc-elm kc-css-4029157 kc_col-sm-6 kc_column kc_col-sm-6\">\n<div class=\"kc-col-container\">\n<div class=\"kc-elm kc-css-750024 kc_shortcode kc_single_image\">\n<p><img decoding=\"async\" class=\"\" src=\"https:\/\/tio-pnevmatika.si\/wp-content\/uploads\/2023\/05\/jorc_2.jpg\" alt=\"\" \/><\/p>\n<\/div>\n<\/div>\n<\/div>\n<\/div>\n<\/div>\n<\/section>\n<p>\n<\/div><\/div><\/div><\/div><\/div><\/section>\n","protected":false},"excerpt":{"rendered":"","protected":false},"author":3,"featured_media":0,"parent":0,"menu_order":0,"comment_status":"closed","ping_status":"closed","template":"","meta":{"footnotes":""},"class_list":["post-6050","page","type-page","status-publish","hentry"],"yoast_head":"<!-- This site is optimized with the Yoast SEO plugin v23.6 - https:\/\/yoast.com\/wordpress\/plugins\/seo\/ -->\n<title>Jorc - Tio Pnevmatika<\/title>\n<meta name=\"robots\" content=\"index, follow, max-snippet:-1, max-image-preview:large, max-video-preview:-1\" \/>\n<link rel=\"canonical\" href=\"https:\/\/tio-pnevmatika.si\/sr\/jorc\/\" \/>\n<meta property=\"og:locale\" content=\"sr_RS\" \/>\n<meta property=\"og:type\" content=\"article\" \/>\n<meta property=\"og:title\" content=\"Jorc - Tio Pnevmatika\" \/>\n<meta property=\"og:description\" content=\"Specijalisti za projektovanje, konstrukciju i ugradnju preciznih ure\u0111aja, sistema i opreme za obradu kriogenih te\u010dnosti. Karakteri\u0161e ga stalni rast, nadogradnja i \u0161irenje jedinstvenog asortimana proizvoda koji u potpunosti zadovoljavaju potrebe proizvodnje i distribucije industrijskih, \u010distih, medicinskih i prehrambenih gasova. Osnovan 1991. godine, specijalizovan za tretman kondenzata proizvedenog tokom proizvodnje komprimovanog vazduha. Glavni proizvodi su aplikacije [&hellip;]\" \/>\n<meta property=\"og:url\" content=\"https:\/\/tio-pnevmatika.si\/sr\/jorc\/\" \/>\n<meta property=\"og:site_name\" content=\"Tio Pnevmatika\" \/>\n<meta property=\"article:publisher\" content=\"https:\/\/www.facebook.com\/tiopnevmatika\/\" \/>\n<meta property=\"article:modified_time\" content=\"2023-11-22T16:09:10+00:00\" \/>\n<meta property=\"og:image\" content=\"https:\/\/tio-pnevmatika.si\/wp-content\/uploads\/2023\/05\/jorc_web_width-300.jpg\" \/>\n<meta name=\"twitter:card\" content=\"summary_large_image\" \/>\n<meta name=\"twitter:label1\" content=\"\u041f\u0440\u043e\u0446\u0435\u045a\u0435\u043d\u043e \u0432\u0440\u0435\u043c\u0435 \u0447\u0438\u0442\u0430\u045a\u0430\" \/>\n\t<meta name=\"twitter:data1\" content=\"2 \u043c\u0438\u043d\u0443\u0442\u0430\" \/>\n<script type=\"application\/ld+json\" class=\"yoast-schema-graph\">{\"@context\":\"https:\/\/schema.org\",\"@graph\":[{\"@type\":\"WebPage\",\"@id\":\"https:\/\/tio-pnevmatika.si\/sr\/jorc\/\",\"url\":\"https:\/\/tio-pnevmatika.si\/sr\/jorc\/\",\"name\":\"Jorc - Tio Pnevmatika\",\"isPartOf\":{\"@id\":\"https:\/\/tio-pnevmatika.si\/sr\/#website\"},\"primaryImageOfPage\":{\"@id\":\"https:\/\/tio-pnevmatika.si\/sr\/jorc\/#primaryimage\"},\"image\":{\"@id\":\"https:\/\/tio-pnevmatika.si\/sr\/jorc\/#primaryimage\"},\"thumbnailUrl\":\"https:\/\/tio-pnevmatika.si\/wp-content\/uploads\/2023\/05\/jorc_web_width-300.jpg\",\"datePublished\":\"2023-05-23T14:43:11+00:00\",\"dateModified\":\"2023-11-22T16:09:10+00:00\",\"breadcrumb\":{\"@id\":\"https:\/\/tio-pnevmatika.si\/sr\/jorc\/#breadcrumb\"},\"inLanguage\":\"sr-RS\",\"potentialAction\":[{\"@type\":\"ReadAction\",\"target\":[\"https:\/\/tio-pnevmatika.si\/sr\/jorc\/\"]}]},{\"@type\":\"ImageObject\",\"inLanguage\":\"sr-RS\",\"@id\":\"https:\/\/tio-pnevmatika.si\/sr\/jorc\/#primaryimage\",\"url\":\"https:\/\/tio-pnevmatika.si\/wp-content\/uploads\/2023\/05\/jorc_web_width-300.jpg\",\"contentUrl\":\"https:\/\/tio-pnevmatika.si\/wp-content\/uploads\/2023\/05\/jorc_web_width-300.jpg\"},{\"@type\":\"BreadcrumbList\",\"@id\":\"https:\/\/tio-pnevmatika.si\/sr\/jorc\/#breadcrumb\",\"itemListElement\":[{\"@type\":\"ListItem\",\"position\":1,\"name\":\"Po\u010detna stranica\",\"item\":\"https:\/\/tio-pnevmatika.si\/sr\/\"},{\"@type\":\"ListItem\",\"position\":2,\"name\":\"Jorc\"}]},{\"@type\":\"WebSite\",\"@id\":\"https:\/\/tio-pnevmatika.si\/sr\/#website\",\"url\":\"https:\/\/tio-pnevmatika.si\/sr\/\",\"name\":\"Tio Pnevmatika\",\"description\":\"Izdelava pnevmatskih komponent.\",\"publisher\":{\"@id\":\"https:\/\/tio-pnevmatika.si\/sr\/#organization\"},\"potentialAction\":[{\"@type\":\"SearchAction\",\"target\":{\"@type\":\"EntryPoint\",\"urlTemplate\":\"https:\/\/tio-pnevmatika.si\/sr\/?s={search_term_string}\"},\"query-input\":{\"@type\":\"PropertyValueSpecification\",\"valueRequired\":true,\"valueName\":\"search_term_string\"}}],\"inLanguage\":\"sr-RS\"},{\"@type\":\"Organization\",\"@id\":\"https:\/\/tio-pnevmatika.si\/sr\/#organization\",\"name\":\"Tio Pneumatika\",\"url\":\"https:\/\/tio-pnevmatika.si\/sr\/\",\"logo\":{\"@type\":\"ImageObject\",\"inLanguage\":\"sr-RS\",\"@id\":\"https:\/\/tio-pnevmatika.si\/sr\/#\/schema\/logo\/image\/\",\"url\":\"https:\/\/tio-pnevmatika.si\/wp-content\/uploads\/2020\/06\/tio_logo_new_web.jpg\",\"contentUrl\":\"https:\/\/tio-pnevmatika.si\/wp-content\/uploads\/2020\/06\/tio_logo_new_web.jpg\",\"width\":500,\"height\":167,\"caption\":\"Tio Pneumatika\"},\"image\":{\"@id\":\"https:\/\/tio-pnevmatika.si\/sr\/#\/schema\/logo\/image\/\"},\"sameAs\":[\"https:\/\/www.facebook.com\/tiopnevmatika\/\",\"https:\/\/www.instagram.com\/tiopnevmatika\/\",\"https:\/\/www.linkedin.com\/company\/tio-pnevmatika\"]}]}<\/script>\n<!-- \/ Yoast SEO plugin. -->","yoast_head_json":{"title":"Jorc - Tio Pnevmatika","robots":{"index":"index","follow":"follow","max-snippet":"max-snippet:-1","max-image-preview":"max-image-preview:large","max-video-preview":"max-video-preview:-1"},"canonical":"https:\/\/tio-pnevmatika.si\/sr\/jorc\/","og_locale":"sr_RS","og_type":"article","og_title":"Jorc - Tio Pnevmatika","og_description":"Specijalisti za projektovanje, konstrukciju i ugradnju preciznih ure\u0111aja, sistema i opreme za obradu kriogenih te\u010dnosti. Karakteri\u0161e ga stalni rast, nadogradnja i \u0161irenje jedinstvenog asortimana proizvoda koji u potpunosti zadovoljavaju potrebe proizvodnje i distribucije industrijskih, \u010distih, medicinskih i prehrambenih gasova. Osnovan 1991. godine, specijalizovan za tretman kondenzata proizvedenog tokom proizvodnje komprimovanog vazduha. Glavni proizvodi su aplikacije [&hellip;]","og_url":"https:\/\/tio-pnevmatika.si\/sr\/jorc\/","og_site_name":"Tio Pnevmatika","article_publisher":"https:\/\/www.facebook.com\/tiopnevmatika\/","article_modified_time":"2023-11-22T16:09:10+00:00","og_image":[{"url":"https:\/\/tio-pnevmatika.si\/wp-content\/uploads\/2023\/05\/jorc_web_width-300.jpg"}],"twitter_card":"summary_large_image","twitter_misc":{"\u041f\u0440\u043e\u0446\u0435\u045a\u0435\u043d\u043e \u0432\u0440\u0435\u043c\u0435 \u0447\u0438\u0442\u0430\u045a\u0430":"2 \u043c\u0438\u043d\u0443\u0442\u0430"},"schema":{"@context":"https:\/\/schema.org","@graph":[{"@type":"WebPage","@id":"https:\/\/tio-pnevmatika.si\/sr\/jorc\/","url":"https:\/\/tio-pnevmatika.si\/sr\/jorc\/","name":"Jorc - Tio Pnevmatika","isPartOf":{"@id":"https:\/\/tio-pnevmatika.si\/sr\/#website"},"primaryImageOfPage":{"@id":"https:\/\/tio-pnevmatika.si\/sr\/jorc\/#primaryimage"},"image":{"@id":"https:\/\/tio-pnevmatika.si\/sr\/jorc\/#primaryimage"},"thumbnailUrl":"https:\/\/tio-pnevmatika.si\/wp-content\/uploads\/2023\/05\/jorc_web_width-300.jpg","datePublished":"2023-05-23T14:43:11+00:00","dateModified":"2023-11-22T16:09:10+00:00","breadcrumb":{"@id":"https:\/\/tio-pnevmatika.si\/sr\/jorc\/#breadcrumb"},"inLanguage":"sr-RS","potentialAction":[{"@type":"ReadAction","target":["https:\/\/tio-pnevmatika.si\/sr\/jorc\/"]}]},{"@type":"ImageObject","inLanguage":"sr-RS","@id":"https:\/\/tio-pnevmatika.si\/sr\/jorc\/#primaryimage","url":"https:\/\/tio-pnevmatika.si\/wp-content\/uploads\/2023\/05\/jorc_web_width-300.jpg","contentUrl":"https:\/\/tio-pnevmatika.si\/wp-content\/uploads\/2023\/05\/jorc_web_width-300.jpg"},{"@type":"BreadcrumbList","@id":"https:\/\/tio-pnevmatika.si\/sr\/jorc\/#breadcrumb","itemListElement":[{"@type":"ListItem","position":1,"name":"Po\u010detna stranica","item":"https:\/\/tio-pnevmatika.si\/sr\/"},{"@type":"ListItem","position":2,"name":"Jorc"}]},{"@type":"WebSite","@id":"https:\/\/tio-pnevmatika.si\/sr\/#website","url":"https:\/\/tio-pnevmatika.si\/sr\/","name":"Tio Pnevmatika","description":"Izdelava pnevmatskih komponent.","publisher":{"@id":"https:\/\/tio-pnevmatika.si\/sr\/#organization"},"potentialAction":[{"@type":"SearchAction","target":{"@type":"EntryPoint","urlTemplate":"https:\/\/tio-pnevmatika.si\/sr\/?s={search_term_string}"},"query-input":{"@type":"PropertyValueSpecification","valueRequired":true,"valueName":"search_term_string"}}],"inLanguage":"sr-RS"},{"@type":"Organization","@id":"https:\/\/tio-pnevmatika.si\/sr\/#organization","name":"Tio Pneumatika","url":"https:\/\/tio-pnevmatika.si\/sr\/","logo":{"@type":"ImageObject","inLanguage":"sr-RS","@id":"https:\/\/tio-pnevmatika.si\/sr\/#\/schema\/logo\/image\/","url":"https:\/\/tio-pnevmatika.si\/wp-content\/uploads\/2020\/06\/tio_logo_new_web.jpg","contentUrl":"https:\/\/tio-pnevmatika.si\/wp-content\/uploads\/2020\/06\/tio_logo_new_web.jpg","width":500,"height":167,"caption":"Tio Pneumatika"},"image":{"@id":"https:\/\/tio-pnevmatika.si\/sr\/#\/schema\/logo\/image\/"},"sameAs":["https:\/\/www.facebook.com\/tiopnevmatika\/","https:\/\/www.instagram.com\/tiopnevmatika\/","https:\/\/www.linkedin.com\/company\/tio-pnevmatika"]}]}},"_links":{"self":[{"href":"https:\/\/tio-pnevmatika.si\/sr\/wp-json\/wp\/v2\/pages\/6050"}],"collection":[{"href":"https:\/\/tio-pnevmatika.si\/sr\/wp-json\/wp\/v2\/pages"}],"about":[{"href":"https:\/\/tio-pnevmatika.si\/sr\/wp-json\/wp\/v2\/types\/page"}],"author":[{"embeddable":true,"href":"https:\/\/tio-pnevmatika.si\/sr\/wp-json\/wp\/v2\/users\/3"}],"replies":[{"embeddable":true,"href":"https:\/\/tio-pnevmatika.si\/sr\/wp-json\/wp\/v2\/comments?post=6050"}],"version-history":[{"count":3,"href":"https:\/\/tio-pnevmatika.si\/sr\/wp-json\/wp\/v2\/pages\/6050\/revisions"}],"predecessor-version":[{"id":6053,"href":"https:\/\/tio-pnevmatika.si\/sr\/wp-json\/wp\/v2\/pages\/6050\/revisions\/6053"}],"wp:attachment":[{"href":"https:\/\/tio-pnevmatika.si\/sr\/wp-json\/wp\/v2\/media?parent=6050"}],"curies":[{"name":"wp","href":"https:\/\/api.w.org\/{rel}","templated":true}]}}