{"id":6054,"date":"2023-05-23T14:43:12","date_gmt":"2023-05-23T14:43:12","guid":{"rendered":"https:\/\/tio-pnevmatika.si\/expel\/"},"modified":"2023-11-22T18:16:34","modified_gmt":"2023-11-22T18:16:34","slug":"expel","status":"publish","type":"page","link":"https:\/\/tio-pnevmatika.si\/sr\/expel\/","title":{"rendered":"Expel"},"content":{"rendered":"<section class=\"kc-elm kc-css-25077 kc_row\"><div class=\"kc-row-container  kc-container\"><div class=\"kc-wrap-columns\"><div class=\"kc-elm kc-css-462562 kc_col-sm-12 kc_column kc_col-sm-12\"><div class=\"kc-col-container\"><div class=\"kc-elm kc_text_block\"><\/p>\n<style type=\"text\/css\">@media only screen and (min-width: 1000px) and (max-width: 5000px){body.kc-css-system .kc-css-2332756{width: 50%;}body.kc-css-system .kc-css-3971791{width: 50%;}body.kc-css-system .kc-css-2361166{width: 50%;}body.kc-css-system .kc-css-1151672{width: 50%;}}body.kc-css-system .kc-css-4108601 img{padding-bottom: 16px;}body.kc-css-system .kc-css-1044636{margin-bottom: 16px;width: 312px;}body.kc-css-system .kc-css-1796077 .kc_button{color: #919191;background-color: #e8e8e8;font-weight: 500;}body.kc-css-system .kc-css-1796077 .kc_button:hover{color: #414141;}body.kc-css-system .kc-css-3427568{margin-top: 16px;}body.kc-css-system .kc-css-731121 img{box-shadow: 6px 6px 12px #dfdfdf;;}<\/style>\n<section class=\"kc-elm kc-css-800745 kc_row\">\n<div class=\"kc-row-container kc-container\">\n<div class=\"kc-wrap-columns\">\n<div class=\"kc-elm kc-css-1603957 kc_col-sm-12 kc_column kc_col-sm-12\">\n<div class=\"kc-col-container\">\n<div class=\"kc-elm kc-css-4108601 kc_shortcode kc_single_image\">\n<p><img decoding=\"async\" class=\"\" src=\"https:\/\/tio-pnevmatika.si\/wp-content\/uploads\/2023\/05\/expel_web_width-300.jpg\" alt=\"\" \/><\/p>\n<\/div>\n<\/div>\n<\/div>\n<\/div>\n<\/div>\n<\/section>\n<section class=\"kc-elm kc-css-2109454 kc_row\">\n<div class=\"kc-row-container kc-container\">\n<div class=\"kc-wrap-columns\">\n<div class=\"kc-elm kc-css-3479079 kc_col-sm-12 kc_column kc_col-sm-12\">\n<div class=\"kc-col-container\">\n<div class=\"kc-elm kc-css-1527298 kc_text_block\">\n<p>Odeljenje globalne kompanije Original Limited, koja se fokusira na inovativna in\u017eenjerska re\u0161enja u oblasti komprimovanih gasova i vakuum filtracije. Cilj je pronac\u0301i isplativa re\u0161enja za probleme sa kojima se suo\u010davaju mnogi korisnici. Primer je jedinstveni, patentirani Expel filter za komprimovani vazduh.<\/p>\n<\/div>\n<\/div>\n<\/div>\n<\/div>\n<\/div>\n<\/section>\n<section class=\"kc-elm kc-css-1044636 kc_row\">\n<div class=\"kc-row-container kc-container\">\n<div class=\"kc-wrap-columns\">\n<div class=\"kc-elm kc-css-2332756 kc_col-sm-6 kc_column kc_col-sm-6\">\n<div class=\"kc-col-container\">\n<div class=\"kc-elm kc-css-1796077\"><a class=\"kc_button\" title=\"ZVANI\u010cNA INTERNET STRANICA\" href=\"https:\/\/originalavg.com\/compressed-air-filters\/\" target=\"_blank\" rel=\"noopener\">ZVANI\u010cNA INTERNET STRANICA <\/a><\/div>\n<\/div>\n<\/div>\n<div class=\"kc-elm kc-css-3971791 kc_col-sm-6 kc_column kc_col-sm-6\">\n<div class=\"kc-col-container\"><\/div>\n<\/div>\n<\/div>\n<\/div>\n<\/section>\n<section class=\"kc-elm kc-css-3427568 kc_row\">\n<div class=\"kc-row-container kc-container\">\n<div class=\"kc-wrap-columns\">\n<div class=\"kc-elm kc-css-2361166 kc_col-sm-6 kc_column kc_col-sm-6\">\n<div class=\"kc-col-container\">\n<div class=\"kc-elm kc-css-731121 kc_shortcode kc_single_image\">\n<p><img decoding=\"async\" class=\"\" src=\"https:\/\/tio-pnevmatika.si\/wp-content\/uploads\/2023\/05\/expel_1.jpg\" alt=\"\" \/><\/p>\n<\/div>\n<\/div>\n<\/div>\n<div class=\"kc-elm kc-css-1151672 kc_col-sm-6 kc_column kc_col-sm-6\">\n<div class=\"kc-col-container\"><\/div>\n<\/div>\n<\/div>\n<\/div>\n<\/section>\n<p>\n<\/div><\/div><\/div><\/div><\/div><\/section>\n","protected":false},"excerpt":{"rendered":"","protected":false},"author":3,"featured_media":0,"parent":0,"menu_order":0,"comment_status":"closed","ping_status":"closed","template":"","meta":{"footnotes":""},"class_list":["post-6054","page","type-page","status-publish","hentry"],"yoast_head":"<!-- This site is optimized with the Yoast SEO plugin v23.6 - https:\/\/yoast.com\/wordpress\/plugins\/seo\/ -->\n<title>Expel - Tio Pnevmatika<\/title>\n<meta name=\"robots\" content=\"index, follow, max-snippet:-1, max-image-preview:large, max-video-preview:-1\" \/>\n<link rel=\"canonical\" href=\"https:\/\/tio-pnevmatika.si\/sr\/expel\/\" \/>\n<meta property=\"og:locale\" content=\"sr_RS\" \/>\n<meta property=\"og:type\" content=\"article\" \/>\n<meta property=\"og:title\" content=\"Expel - Tio Pnevmatika\" \/>\n<meta property=\"og:description\" content=\"Odeljenje globalne kompanije Original Limited, koja se fokusira na inovativna in\u017eenjerska re\u0161enja u oblasti komprimovanih gasova i vakuum filtracije. Cilj je pronac\u0301i isplativa re\u0161enja za probleme sa kojima se suo\u010davaju mnogi korisnici. Primer je jedinstveni, patentirani Expel filter za komprimovani vazduh. ZVANI\u010cNA INTERNET STRANICA\" \/>\n<meta property=\"og:url\" content=\"https:\/\/tio-pnevmatika.si\/sr\/expel\/\" \/>\n<meta property=\"og:site_name\" content=\"Tio Pnevmatika\" \/>\n<meta property=\"article:publisher\" content=\"https:\/\/www.facebook.com\/tiopnevmatika\/\" \/>\n<meta property=\"article:modified_time\" content=\"2023-11-22T18:16:34+00:00\" \/>\n<meta property=\"og:image\" content=\"https:\/\/tio-pnevmatika.si\/wp-content\/uploads\/2023\/05\/expel_web_width-300.jpg\" \/>\n<meta name=\"twitter:card\" content=\"summary_large_image\" \/>\n<meta name=\"twitter:label1\" content=\"\u041f\u0440\u043e\u0446\u0435\u045a\u0435\u043d\u043e \u0432\u0440\u0435\u043c\u0435 \u0447\u0438\u0442\u0430\u045a\u0430\" \/>\n\t<meta name=\"twitter:data1\" content=\"1 \u043c\u0438\u043d\u0443\u0442\" \/>\n<script type=\"application\/ld+json\" class=\"yoast-schema-graph\">{\"@context\":\"https:\/\/schema.org\",\"@graph\":[{\"@type\":\"WebPage\",\"@id\":\"https:\/\/tio-pnevmatika.si\/sr\/expel\/\",\"url\":\"https:\/\/tio-pnevmatika.si\/sr\/expel\/\",\"name\":\"Expel - Tio Pnevmatika\",\"isPartOf\":{\"@id\":\"https:\/\/tio-pnevmatika.si\/sr\/#website\"},\"primaryImageOfPage\":{\"@id\":\"https:\/\/tio-pnevmatika.si\/sr\/expel\/#primaryimage\"},\"image\":{\"@id\":\"https:\/\/tio-pnevmatika.si\/sr\/expel\/#primaryimage\"},\"thumbnailUrl\":\"https:\/\/tio-pnevmatika.si\/wp-content\/uploads\/2023\/05\/expel_web_width-300.jpg\",\"datePublished\":\"2023-05-23T14:43:12+00:00\",\"dateModified\":\"2023-11-22T18:16:34+00:00\",\"breadcrumb\":{\"@id\":\"https:\/\/tio-pnevmatika.si\/sr\/expel\/#breadcrumb\"},\"inLanguage\":\"sr-RS\",\"potentialAction\":[{\"@type\":\"ReadAction\",\"target\":[\"https:\/\/tio-pnevmatika.si\/sr\/expel\/\"]}]},{\"@type\":\"ImageObject\",\"inLanguage\":\"sr-RS\",\"@id\":\"https:\/\/tio-pnevmatika.si\/sr\/expel\/#primaryimage\",\"url\":\"https:\/\/tio-pnevmatika.si\/wp-content\/uploads\/2023\/05\/expel_web_width-300.jpg\",\"contentUrl\":\"https:\/\/tio-pnevmatika.si\/wp-content\/uploads\/2023\/05\/expel_web_width-300.jpg\"},{\"@type\":\"BreadcrumbList\",\"@id\":\"https:\/\/tio-pnevmatika.si\/sr\/expel\/#breadcrumb\",\"itemListElement\":[{\"@type\":\"ListItem\",\"position\":1,\"name\":\"Po\u010detna stranica\",\"item\":\"https:\/\/tio-pnevmatika.si\/sr\/\"},{\"@type\":\"ListItem\",\"position\":2,\"name\":\"Expel\"}]},{\"@type\":\"WebSite\",\"@id\":\"https:\/\/tio-pnevmatika.si\/sr\/#website\",\"url\":\"https:\/\/tio-pnevmatika.si\/sr\/\",\"name\":\"Tio Pnevmatika\",\"description\":\"Izdelava pnevmatskih komponent.\",\"publisher\":{\"@id\":\"https:\/\/tio-pnevmatika.si\/sr\/#organization\"},\"potentialAction\":[{\"@type\":\"SearchAction\",\"target\":{\"@type\":\"EntryPoint\",\"urlTemplate\":\"https:\/\/tio-pnevmatika.si\/sr\/?s={search_term_string}\"},\"query-input\":{\"@type\":\"PropertyValueSpecification\",\"valueRequired\":true,\"valueName\":\"search_term_string\"}}],\"inLanguage\":\"sr-RS\"},{\"@type\":\"Organization\",\"@id\":\"https:\/\/tio-pnevmatika.si\/sr\/#organization\",\"name\":\"Tio Pneumatika\",\"url\":\"https:\/\/tio-pnevmatika.si\/sr\/\",\"logo\":{\"@type\":\"ImageObject\",\"inLanguage\":\"sr-RS\",\"@id\":\"https:\/\/tio-pnevmatika.si\/sr\/#\/schema\/logo\/image\/\",\"url\":\"https:\/\/tio-pnevmatika.si\/wp-content\/uploads\/2020\/06\/tio_logo_new_web.jpg\",\"contentUrl\":\"https:\/\/tio-pnevmatika.si\/wp-content\/uploads\/2020\/06\/tio_logo_new_web.jpg\",\"width\":500,\"height\":167,\"caption\":\"Tio Pneumatika\"},\"image\":{\"@id\":\"https:\/\/tio-pnevmatika.si\/sr\/#\/schema\/logo\/image\/\"},\"sameAs\":[\"https:\/\/www.facebook.com\/tiopnevmatika\/\",\"https:\/\/www.instagram.com\/tiopnevmatika\/\",\"https:\/\/www.linkedin.com\/company\/tio-pnevmatika\"]}]}<\/script>\n<!-- \/ Yoast SEO plugin. -->","yoast_head_json":{"title":"Expel - Tio Pnevmatika","robots":{"index":"index","follow":"follow","max-snippet":"max-snippet:-1","max-image-preview":"max-image-preview:large","max-video-preview":"max-video-preview:-1"},"canonical":"https:\/\/tio-pnevmatika.si\/sr\/expel\/","og_locale":"sr_RS","og_type":"article","og_title":"Expel - Tio Pnevmatika","og_description":"Odeljenje globalne kompanije Original Limited, koja se fokusira na inovativna in\u017eenjerska re\u0161enja u oblasti komprimovanih gasova i vakuum filtracije. Cilj je pronac\u0301i isplativa re\u0161enja za probleme sa kojima se suo\u010davaju mnogi korisnici. Primer je jedinstveni, patentirani Expel filter za komprimovani vazduh. ZVANI\u010cNA INTERNET STRANICA","og_url":"https:\/\/tio-pnevmatika.si\/sr\/expel\/","og_site_name":"Tio Pnevmatika","article_publisher":"https:\/\/www.facebook.com\/tiopnevmatika\/","article_modified_time":"2023-11-22T18:16:34+00:00","og_image":[{"url":"https:\/\/tio-pnevmatika.si\/wp-content\/uploads\/2023\/05\/expel_web_width-300.jpg"}],"twitter_card":"summary_large_image","twitter_misc":{"\u041f\u0440\u043e\u0446\u0435\u045a\u0435\u043d\u043e \u0432\u0440\u0435\u043c\u0435 \u0447\u0438\u0442\u0430\u045a\u0430":"1 \u043c\u0438\u043d\u0443\u0442"},"schema":{"@context":"https:\/\/schema.org","@graph":[{"@type":"WebPage","@id":"https:\/\/tio-pnevmatika.si\/sr\/expel\/","url":"https:\/\/tio-pnevmatika.si\/sr\/expel\/","name":"Expel - Tio Pnevmatika","isPartOf":{"@id":"https:\/\/tio-pnevmatika.si\/sr\/#website"},"primaryImageOfPage":{"@id":"https:\/\/tio-pnevmatika.si\/sr\/expel\/#primaryimage"},"image":{"@id":"https:\/\/tio-pnevmatika.si\/sr\/expel\/#primaryimage"},"thumbnailUrl":"https:\/\/tio-pnevmatika.si\/wp-content\/uploads\/2023\/05\/expel_web_width-300.jpg","datePublished":"2023-05-23T14:43:12+00:00","dateModified":"2023-11-22T18:16:34+00:00","breadcrumb":{"@id":"https:\/\/tio-pnevmatika.si\/sr\/expel\/#breadcrumb"},"inLanguage":"sr-RS","potentialAction":[{"@type":"ReadAction","target":["https:\/\/tio-pnevmatika.si\/sr\/expel\/"]}]},{"@type":"ImageObject","inLanguage":"sr-RS","@id":"https:\/\/tio-pnevmatika.si\/sr\/expel\/#primaryimage","url":"https:\/\/tio-pnevmatika.si\/wp-content\/uploads\/2023\/05\/expel_web_width-300.jpg","contentUrl":"https:\/\/tio-pnevmatika.si\/wp-content\/uploads\/2023\/05\/expel_web_width-300.jpg"},{"@type":"BreadcrumbList","@id":"https:\/\/tio-pnevmatika.si\/sr\/expel\/#breadcrumb","itemListElement":[{"@type":"ListItem","position":1,"name":"Po\u010detna stranica","item":"https:\/\/tio-pnevmatika.si\/sr\/"},{"@type":"ListItem","position":2,"name":"Expel"}]},{"@type":"WebSite","@id":"https:\/\/tio-pnevmatika.si\/sr\/#website","url":"https:\/\/tio-pnevmatika.si\/sr\/","name":"Tio Pnevmatika","description":"Izdelava pnevmatskih komponent.","publisher":{"@id":"https:\/\/tio-pnevmatika.si\/sr\/#organization"},"potentialAction":[{"@type":"SearchAction","target":{"@type":"EntryPoint","urlTemplate":"https:\/\/tio-pnevmatika.si\/sr\/?s={search_term_string}"},"query-input":{"@type":"PropertyValueSpecification","valueRequired":true,"valueName":"search_term_string"}}],"inLanguage":"sr-RS"},{"@type":"Organization","@id":"https:\/\/tio-pnevmatika.si\/sr\/#organization","name":"Tio Pneumatika","url":"https:\/\/tio-pnevmatika.si\/sr\/","logo":{"@type":"ImageObject","inLanguage":"sr-RS","@id":"https:\/\/tio-pnevmatika.si\/sr\/#\/schema\/logo\/image\/","url":"https:\/\/tio-pnevmatika.si\/wp-content\/uploads\/2020\/06\/tio_logo_new_web.jpg","contentUrl":"https:\/\/tio-pnevmatika.si\/wp-content\/uploads\/2020\/06\/tio_logo_new_web.jpg","width":500,"height":167,"caption":"Tio Pneumatika"},"image":{"@id":"https:\/\/tio-pnevmatika.si\/sr\/#\/schema\/logo\/image\/"},"sameAs":["https:\/\/www.facebook.com\/tiopnevmatika\/","https:\/\/www.instagram.com\/tiopnevmatika\/","https:\/\/www.linkedin.com\/company\/tio-pnevmatika"]}]}},"_links":{"self":[{"href":"https:\/\/tio-pnevmatika.si\/sr\/wp-json\/wp\/v2\/pages\/6054"}],"collection":[{"href":"https:\/\/tio-pnevmatika.si\/sr\/wp-json\/wp\/v2\/pages"}],"about":[{"href":"https:\/\/tio-pnevmatika.si\/sr\/wp-json\/wp\/v2\/types\/page"}],"author":[{"embeddable":true,"href":"https:\/\/tio-pnevmatika.si\/sr\/wp-json\/wp\/v2\/users\/3"}],"replies":[{"embeddable":true,"href":"https:\/\/tio-pnevmatika.si\/sr\/wp-json\/wp\/v2\/comments?post=6054"}],"version-history":[{"count":1,"href":"https:\/\/tio-pnevmatika.si\/sr\/wp-json\/wp\/v2\/pages\/6054\/revisions"}],"predecessor-version":[{"id":6056,"href":"https:\/\/tio-pnevmatika.si\/sr\/wp-json\/wp\/v2\/pages\/6054\/revisions\/6056"}],"wp:attachment":[{"href":"https:\/\/tio-pnevmatika.si\/sr\/wp-json\/wp\/v2\/media?parent=6054"}],"curies":[{"name":"wp","href":"https:\/\/api.w.org\/{rel}","templated":true}]}}