{"id":6062,"date":"2023-04-19T07:28:07","date_gmt":"2023-04-19T07:28:07","guid":{"rendered":"https:\/\/tio-pnevmatika.si\/airtac-linear-guides\/"},"modified":"2023-11-23T22:25:27","modified_gmt":"2023-11-23T22:25:27","slug":"airtac-linear-guides","status":"publish","type":"page","link":"https:\/\/tio-pnevmatika.si\/sr\/airtac-linear-guides\/","title":{"rendered":"Airtac Linear Guides"},"content":{"rendered":"<p><section class=\"kc-elm kc-css-488565 kc_row\"><div class=\"kc-row-container  kc-container\"><div class=\"kc-wrap-columns\"><div class=\"kc-elm kc-css-69151 kc_col-sm-12 kc_column kc_col-sm-12\"><div class=\"kc-col-container\"><div class=\"kc-elm kc-css-39902 kc_shortcode kc_single_image\">\n\n        <img decoding=\"async\" src=\"https:\/\/tio-pnevmatika.si\/wp-content\/uploads\/2023\/04\/airtac_web_600x300-300x150.jpg\" class=\"\" alt=\"Airtac Linear Guides\" \/>    <\/div>\n<div class=\"kc-elm kc-css-236422 kc_text_block\"><\/p>\n<p>Kompanija sa Tajvana, osnovana 1988. godine, priznati dobavlja\u010d industrijske opreme na svetskom tr\u017ei\u0161tu. Njihov najnoviji proizvod su linearne vo\u0111ice, koje se \u0161iroko koriste u automobilskoj industriji, ma\u0161instvu, prehrambenoj i medicinskoj opremi, ma\u0161inama za pakovanje, tekstilnim ma\u0161inama, industriji za\u0161tite \u017eivotne sredine itd.<\/p>\n<p>\n<\/div><\/div><\/div><\/div><\/div><\/section><section class=\"kc-elm kc-css-102316 kc_row\"><div class=\"kc-row-container  kc-container\"><div class=\"kc-wrap-columns\"><div class=\"kc-elm kc-css-650225 kc_col-sm-6 kc_column kc_col-sm-6\"><div class=\"kc-col-container\">\n<div class=\"kc-elm kc-css-509832\">\n\t<a class=\"kc_button\" href=\"https:\/\/us-en.airtac.com\/pro_pd.aspx?c_kind=4\" target=\"_blank\" title=\"CELOTNA PONUDBA\" onclick=\"\">\n\t\tZVANI\u010cNA INTERNET STRANICA\t<\/a>\n<\/div>\n<\/div><\/div><div class=\"kc-elm kc-css-319136 kc_col-sm-6 kc_column kc_col-sm-6\"><div class=\"kc-col-container\">\n<div class=\"kc-elm kc-css-804113\">\n\t<a class=\"kc_button\" href=\"https:\/\/eu-en.airtac.com\/video.aspx?c_kind=434&amp;c_kind2=\" target=\"_blank\" title=\"PREDSTAVITVENI FILM\" onclick=\"\">\n\t\tUVODNI FILM\t<\/a>\n<\/div>\n<\/div><\/div><\/div><\/div><\/section><section class=\"kc-elm kc-css-106712 kc_row\"><div class=\"kc-row-container  kc-container\"><div class=\"kc-wrap-columns\"><div class=\"kc-elm kc-css-875550 kc_col-sm-6 kc_column kc_col-sm-6\"><div class=\"kc-col-container\"><div class=\"kc-elm kc-css-610338 kc_shortcode kc_single_image\">\n\n        <img decoding=\"async\" src=\"https:\/\/tio-pnevmatika.si\/wp-content\/uploads\/2023\/05\/airtac_1.jpg\" class=\"\" alt=\"\" \/>    <\/div>\n<\/div><\/div><div class=\"kc-elm kc-css-75878 kc_col-sm-6 kc_column kc_col-sm-6\"><div class=\"kc-col-container\"><div class=\"kc-elm kc-css-405242 kc_shortcode kc_single_image\">\n\n        <img decoding=\"async\" src=\"https:\/\/tio-pnevmatika.si\/wp-content\/uploads\/2023\/05\/airtac_2.jpg\" class=\"\" alt=\"\" \/>    <\/div>\n<\/div><\/div><\/div><\/div><\/section><\/p>\n","protected":false},"excerpt":{"rendered":"","protected":false},"author":3,"featured_media":0,"parent":0,"menu_order":0,"comment_status":"closed","ping_status":"closed","template":"page-tpl_left_sidebar.php","meta":{"footnotes":""},"class_list":["post-6062","page","type-page","status-publish","hentry"],"yoast_head":"<!-- This site is optimized with the Yoast SEO plugin v23.6 - https:\/\/yoast.com\/wordpress\/plugins\/seo\/ -->\n<title>Airtac Linear Guides - Tio Pnevmatika<\/title>\n<meta name=\"robots\" content=\"index, follow, max-snippet:-1, max-image-preview:large, max-video-preview:-1\" \/>\n<link rel=\"canonical\" href=\"https:\/\/tio-pnevmatika.si\/sr\/airtac-linear-guides\/\" \/>\n<meta property=\"og:locale\" content=\"sr_RS\" \/>\n<meta property=\"og:type\" content=\"article\" \/>\n<meta property=\"og:title\" content=\"Airtac Linear Guides - Tio Pnevmatika\" \/>\n<meta property=\"og:description\" content=\"Kompanija sa Tajvana, osnovana 1988. godine, priznati dobavlja\u010d industrijske opreme na svetskom tr\u017ei\u0161tu. Njihov najnoviji proizvod su linearne vo\u0111ice, koje se \u0161iroko koriste u automobilskoj industriji, ma\u0161instvu, prehrambenoj i medicinskoj opremi, ma\u0161inama za pakovanje, tekstilnim ma\u0161inama, industriji za\u0161tite \u017eivotne sredine itd. ZVANI\u010cNA INTERNET STRANICA UVODNI FILM\" \/>\n<meta property=\"og:url\" content=\"https:\/\/tio-pnevmatika.si\/sr\/airtac-linear-guides\/\" \/>\n<meta property=\"og:site_name\" content=\"Tio Pnevmatika\" \/>\n<meta property=\"article:publisher\" content=\"https:\/\/www.facebook.com\/tiopnevmatika\/\" \/>\n<meta property=\"article:modified_time\" content=\"2023-11-23T22:25:27+00:00\" \/>\n<meta property=\"og:image\" content=\"https:\/\/tio-pnevmatika.si\/wp-content\/uploads\/2023\/04\/airtac_web_600x300-300x150.jpg\" \/>\n<meta name=\"twitter:card\" content=\"summary_large_image\" \/>\n<meta name=\"twitter:label1\" content=\"\u041f\u0440\u043e\u0446\u0435\u045a\u0435\u043d\u043e \u0432\u0440\u0435\u043c\u0435 \u0447\u0438\u0442\u0430\u045a\u0430\" \/>\n\t<meta name=\"twitter:data1\" content=\"1 \u043c\u0438\u043d\u0443\u0442\" \/>\n<script type=\"application\/ld+json\" class=\"yoast-schema-graph\">{\"@context\":\"https:\/\/schema.org\",\"@graph\":[{\"@type\":\"WebPage\",\"@id\":\"https:\/\/tio-pnevmatika.si\/sr\/airtac-linear-guides\/\",\"url\":\"https:\/\/tio-pnevmatika.si\/sr\/airtac-linear-guides\/\",\"name\":\"Airtac Linear Guides - Tio Pnevmatika\",\"isPartOf\":{\"@id\":\"https:\/\/tio-pnevmatika.si\/sr\/#website\"},\"primaryImageOfPage\":{\"@id\":\"https:\/\/tio-pnevmatika.si\/sr\/airtac-linear-guides\/#primaryimage\"},\"image\":{\"@id\":\"https:\/\/tio-pnevmatika.si\/sr\/airtac-linear-guides\/#primaryimage\"},\"thumbnailUrl\":\"https:\/\/tio-pnevmatika.si\/wp-content\/uploads\/2023\/04\/airtac_web_600x300-300x150.jpg\",\"datePublished\":\"2023-04-19T07:28:07+00:00\",\"dateModified\":\"2023-11-23T22:25:27+00:00\",\"breadcrumb\":{\"@id\":\"https:\/\/tio-pnevmatika.si\/sr\/airtac-linear-guides\/#breadcrumb\"},\"inLanguage\":\"sr-RS\",\"potentialAction\":[{\"@type\":\"ReadAction\",\"target\":[\"https:\/\/tio-pnevmatika.si\/sr\/airtac-linear-guides\/\"]}]},{\"@type\":\"ImageObject\",\"inLanguage\":\"sr-RS\",\"@id\":\"https:\/\/tio-pnevmatika.si\/sr\/airtac-linear-guides\/#primaryimage\",\"url\":\"https:\/\/tio-pnevmatika.si\/wp-content\/uploads\/2023\/04\/airtac_web_600x300-300x150.jpg\",\"contentUrl\":\"https:\/\/tio-pnevmatika.si\/wp-content\/uploads\/2023\/04\/airtac_web_600x300-300x150.jpg\"},{\"@type\":\"BreadcrumbList\",\"@id\":\"https:\/\/tio-pnevmatika.si\/sr\/airtac-linear-guides\/#breadcrumb\",\"itemListElement\":[{\"@type\":\"ListItem\",\"position\":1,\"name\":\"Po\u010detna stranica\",\"item\":\"https:\/\/tio-pnevmatika.si\/sr\/\"},{\"@type\":\"ListItem\",\"position\":2,\"name\":\"Airtac Linear Guides\"}]},{\"@type\":\"WebSite\",\"@id\":\"https:\/\/tio-pnevmatika.si\/sr\/#website\",\"url\":\"https:\/\/tio-pnevmatika.si\/sr\/\",\"name\":\"Tio Pnevmatika\",\"description\":\"Izdelava pnevmatskih komponent.\",\"publisher\":{\"@id\":\"https:\/\/tio-pnevmatika.si\/sr\/#organization\"},\"potentialAction\":[{\"@type\":\"SearchAction\",\"target\":{\"@type\":\"EntryPoint\",\"urlTemplate\":\"https:\/\/tio-pnevmatika.si\/sr\/?s={search_term_string}\"},\"query-input\":{\"@type\":\"PropertyValueSpecification\",\"valueRequired\":true,\"valueName\":\"search_term_string\"}}],\"inLanguage\":\"sr-RS\"},{\"@type\":\"Organization\",\"@id\":\"https:\/\/tio-pnevmatika.si\/sr\/#organization\",\"name\":\"Tio Pneumatika\",\"url\":\"https:\/\/tio-pnevmatika.si\/sr\/\",\"logo\":{\"@type\":\"ImageObject\",\"inLanguage\":\"sr-RS\",\"@id\":\"https:\/\/tio-pnevmatika.si\/sr\/#\/schema\/logo\/image\/\",\"url\":\"https:\/\/tio-pnevmatika.si\/wp-content\/uploads\/2020\/06\/tio_logo_new_web.jpg\",\"contentUrl\":\"https:\/\/tio-pnevmatika.si\/wp-content\/uploads\/2020\/06\/tio_logo_new_web.jpg\",\"width\":500,\"height\":167,\"caption\":\"Tio Pneumatika\"},\"image\":{\"@id\":\"https:\/\/tio-pnevmatika.si\/sr\/#\/schema\/logo\/image\/\"},\"sameAs\":[\"https:\/\/www.facebook.com\/tiopnevmatika\/\",\"https:\/\/www.instagram.com\/tiopnevmatika\/\",\"https:\/\/www.linkedin.com\/company\/tio-pnevmatika\"]}]}<\/script>\n<!-- \/ Yoast SEO plugin. -->","yoast_head_json":{"title":"Airtac Linear Guides - Tio Pnevmatika","robots":{"index":"index","follow":"follow","max-snippet":"max-snippet:-1","max-image-preview":"max-image-preview:large","max-video-preview":"max-video-preview:-1"},"canonical":"https:\/\/tio-pnevmatika.si\/sr\/airtac-linear-guides\/","og_locale":"sr_RS","og_type":"article","og_title":"Airtac Linear Guides - Tio Pnevmatika","og_description":"Kompanija sa Tajvana, osnovana 1988. godine, priznati dobavlja\u010d industrijske opreme na svetskom tr\u017ei\u0161tu. Njihov najnoviji proizvod su linearne vo\u0111ice, koje se \u0161iroko koriste u automobilskoj industriji, ma\u0161instvu, prehrambenoj i medicinskoj opremi, ma\u0161inama za pakovanje, tekstilnim ma\u0161inama, industriji za\u0161tite \u017eivotne sredine itd. ZVANI\u010cNA INTERNET STRANICA UVODNI FILM","og_url":"https:\/\/tio-pnevmatika.si\/sr\/airtac-linear-guides\/","og_site_name":"Tio Pnevmatika","article_publisher":"https:\/\/www.facebook.com\/tiopnevmatika\/","article_modified_time":"2023-11-23T22:25:27+00:00","og_image":[{"url":"https:\/\/tio-pnevmatika.si\/wp-content\/uploads\/2023\/04\/airtac_web_600x300-300x150.jpg"}],"twitter_card":"summary_large_image","twitter_misc":{"\u041f\u0440\u043e\u0446\u0435\u045a\u0435\u043d\u043e \u0432\u0440\u0435\u043c\u0435 \u0447\u0438\u0442\u0430\u045a\u0430":"1 \u043c\u0438\u043d\u0443\u0442"},"schema":{"@context":"https:\/\/schema.org","@graph":[{"@type":"WebPage","@id":"https:\/\/tio-pnevmatika.si\/sr\/airtac-linear-guides\/","url":"https:\/\/tio-pnevmatika.si\/sr\/airtac-linear-guides\/","name":"Airtac Linear Guides - Tio Pnevmatika","isPartOf":{"@id":"https:\/\/tio-pnevmatika.si\/sr\/#website"},"primaryImageOfPage":{"@id":"https:\/\/tio-pnevmatika.si\/sr\/airtac-linear-guides\/#primaryimage"},"image":{"@id":"https:\/\/tio-pnevmatika.si\/sr\/airtac-linear-guides\/#primaryimage"},"thumbnailUrl":"https:\/\/tio-pnevmatika.si\/wp-content\/uploads\/2023\/04\/airtac_web_600x300-300x150.jpg","datePublished":"2023-04-19T07:28:07+00:00","dateModified":"2023-11-23T22:25:27+00:00","breadcrumb":{"@id":"https:\/\/tio-pnevmatika.si\/sr\/airtac-linear-guides\/#breadcrumb"},"inLanguage":"sr-RS","potentialAction":[{"@type":"ReadAction","target":["https:\/\/tio-pnevmatika.si\/sr\/airtac-linear-guides\/"]}]},{"@type":"ImageObject","inLanguage":"sr-RS","@id":"https:\/\/tio-pnevmatika.si\/sr\/airtac-linear-guides\/#primaryimage","url":"https:\/\/tio-pnevmatika.si\/wp-content\/uploads\/2023\/04\/airtac_web_600x300-300x150.jpg","contentUrl":"https:\/\/tio-pnevmatika.si\/wp-content\/uploads\/2023\/04\/airtac_web_600x300-300x150.jpg"},{"@type":"BreadcrumbList","@id":"https:\/\/tio-pnevmatika.si\/sr\/airtac-linear-guides\/#breadcrumb","itemListElement":[{"@type":"ListItem","position":1,"name":"Po\u010detna stranica","item":"https:\/\/tio-pnevmatika.si\/sr\/"},{"@type":"ListItem","position":2,"name":"Airtac Linear Guides"}]},{"@type":"WebSite","@id":"https:\/\/tio-pnevmatika.si\/sr\/#website","url":"https:\/\/tio-pnevmatika.si\/sr\/","name":"Tio Pnevmatika","description":"Izdelava pnevmatskih komponent.","publisher":{"@id":"https:\/\/tio-pnevmatika.si\/sr\/#organization"},"potentialAction":[{"@type":"SearchAction","target":{"@type":"EntryPoint","urlTemplate":"https:\/\/tio-pnevmatika.si\/sr\/?s={search_term_string}"},"query-input":{"@type":"PropertyValueSpecification","valueRequired":true,"valueName":"search_term_string"}}],"inLanguage":"sr-RS"},{"@type":"Organization","@id":"https:\/\/tio-pnevmatika.si\/sr\/#organization","name":"Tio Pneumatika","url":"https:\/\/tio-pnevmatika.si\/sr\/","logo":{"@type":"ImageObject","inLanguage":"sr-RS","@id":"https:\/\/tio-pnevmatika.si\/sr\/#\/schema\/logo\/image\/","url":"https:\/\/tio-pnevmatika.si\/wp-content\/uploads\/2020\/06\/tio_logo_new_web.jpg","contentUrl":"https:\/\/tio-pnevmatika.si\/wp-content\/uploads\/2020\/06\/tio_logo_new_web.jpg","width":500,"height":167,"caption":"Tio Pneumatika"},"image":{"@id":"https:\/\/tio-pnevmatika.si\/sr\/#\/schema\/logo\/image\/"},"sameAs":["https:\/\/www.facebook.com\/tiopnevmatika\/","https:\/\/www.instagram.com\/tiopnevmatika\/","https:\/\/www.linkedin.com\/company\/tio-pnevmatika"]}]}},"_links":{"self":[{"href":"https:\/\/tio-pnevmatika.si\/sr\/wp-json\/wp\/v2\/pages\/6062"}],"collection":[{"href":"https:\/\/tio-pnevmatika.si\/sr\/wp-json\/wp\/v2\/pages"}],"about":[{"href":"https:\/\/tio-pnevmatika.si\/sr\/wp-json\/wp\/v2\/types\/page"}],"author":[{"embeddable":true,"href":"https:\/\/tio-pnevmatika.si\/sr\/wp-json\/wp\/v2\/users\/3"}],"replies":[{"embeddable":true,"href":"https:\/\/tio-pnevmatika.si\/sr\/wp-json\/wp\/v2\/comments?post=6062"}],"version-history":[{"count":3,"href":"https:\/\/tio-pnevmatika.si\/sr\/wp-json\/wp\/v2\/pages\/6062\/revisions"}],"predecessor-version":[{"id":6063,"href":"https:\/\/tio-pnevmatika.si\/sr\/wp-json\/wp\/v2\/pages\/6062\/revisions\/6063"}],"wp:attachment":[{"href":"https:\/\/tio-pnevmatika.si\/sr\/wp-json\/wp\/v2\/media?parent=6062"}],"curies":[{"name":"wp","href":"https:\/\/api.w.org\/{rel}","templated":true}]}}