{"id":6072,"date":"2023-04-19T07:14:19","date_gmt":"2023-04-19T07:14:19","guid":{"rendered":"https:\/\/tio-pnevmatika.si\/airtac-linear-guides\/proizvodi\/"},"modified":"2023-11-27T08:13:04","modified_gmt":"2023-11-27T08:13:04","slug":"proizvodi","status":"publish","type":"page","link":"https:\/\/tio-pnevmatika.si\/sr\/airtac-linear-guides\/proizvodi\/","title":{"rendered":"Proizvodi"},"content":{"rendered":"<style type=\"text\/css\"><\/style>\n<section class=\"kc-elm kc-css-816600 kc_row\">\n<div class=\"kc-row-container kc-container\">\n<div class=\"kc-wrap-columns\">\n<div class=\"kc-elm kc-css-432987 kc_col-sm-12 kc_column kc_col-sm-12\">\n<div class=\"kc-col-container\">\n<div class=\"woocommerce\">\n<ul class=\"products columns-3\">\n<li class=\"grid clearfix grid-3 product type-product has-post-thumbnail\">\n<div class=\"list-flex-1\">\n\t\t\t\t<a href=\"\/wp-content\/uploads\/katalog_partnerji\/airtac_linear_guides_LSH_Series_Standard_Linear_Guide.pdf\" target=\"\" rel=\"noopener\"><br \/>\n\t\t\t\t\t<img decoding=\"async\" src=\"\/wp-content\/uploads\/partnerski_produkti\/airtac_linear_guides_LSH_Series_Standard_Linear_Guide.jpg\" alt=\"LSH LINEARNE VO\u0110ICE - STANDARDNE\"><br \/>\n\t\t\t\t<\/a>\n\t\t\t<\/div>\n<div class=\"list-flex-2\">\n\t\t\t\t<a href=\"\/wp-content\/uploads\/katalog_partnerji\/airtac_linear_guides_LSH_Series_Standard_Linear_Guide.pdf\" target=\"\" rel=\"noopener\"><\/p>\n<h3 style=\"text-transform:uppercase\">LSH LINEARNE VO\u0110ICE &#8211; STANDARDNE<\/h3>\n<p>\t\t\t\t<\/a>\n\t\t\t<\/div>\n<\/li>\n<li class=\"grid clearfix grid-3 product type-product has-post-thumbnail\">\n<div class=\"list-flex-1\">\n\t\t\t\t<a href=\"\/wp-content\/uploads\/katalog_partnerji\/airtac_linear_guides_LSD_Series_Low_Profile_Type_Linear_Guide.pdf\" target=\"\" rel=\"noopener\"><br \/>\n\t\t\t\t\t<img decoding=\"async\" src=\"\/wp-content\/uploads\/partnerski_produkti\/airtac_linear_guides_LSD_Series_Low_Profile_Type_Linear_Guide.jpg\" alt=\"LSD LINEARNE VO\u0110ICE - NISKE\"><br \/>\n\t\t\t\t<\/a>\n\t\t\t<\/div>\n<div class=\"list-flex-2\">\n\t\t\t\t<a href=\"\/wp-content\/uploads\/katalog_partnerji\/airtac_linear_guides_LSD_Series_Low_Profile_Type_Linear_Guide.pdf\" target=\"\" rel=\"noopener\"><\/p>\n<h3 style=\"text-transform:uppercase\">LSD LINEARNE VO\u0110ICE &#8211; NISKE<\/h3>\n<p>\t\t\t\t<\/a>\n\t\t\t<\/div>\n<\/li>\n<li class=\"grid clearfix grid-3 product type-product has-post-thumbnail\">\n<div class=\"list-flex-1\">\n\t\t\t\t<a href=\"\/wp-content\/uploads\/katalog_partnerji\/airtac_linear_guides_LGC_Series_Crossed_Roller_Way.pdf\" target=\"\" rel=\"noopener\"><br \/>\n\t\t\t\t\t<img decoding=\"async\" src=\"\/wp-content\/uploads\/partnerski_produkti\/airtac_linear_guides_LGC_Series_Crossed_Roller_Way.jpg\" alt=\"LGC LINEARNE VO\u0110ICE - VALJKASTI LE\u017dAJI\"><br \/>\n\t\t\t\t<\/a>\n\t\t\t<\/div>\n<div class=\"list-flex-2\">\n\t\t\t\t<a href=\"\/wp-content\/uploads\/katalog_partnerji\/airtac_linear_guides_LGC_Series_Crossed_Roller_Way.pdf\" target=\"\" rel=\"noopener\"><\/p>\n<h3 style=\"text-transform:uppercase\">LGC LINEARNE VO\u0110ICE &#8211; VALJKASTI LE\u017dAJI<\/h3>\n<p>\t\t\t\t<\/a>\n\t\t\t<\/div>\n<\/li>\n<li class=\"grid clearfix grid-3 product type-product has-post-thumbnail\">\n<div class=\"list-flex-1\">\n\t\t\t\t<a href=\"\/wp-content\/uploads\/katalog_partnerji\/airtac_linear_guides_LRM_Series_Miniature_Linear_Guide.pdf\" target=\"\" rel=\"noopener\"><br \/>\n\t\t\t\t\t<img decoding=\"async\" src=\"\/wp-content\/uploads\/partnerski_produkti\/airtac_linear_guides_LRM_Series_Miniature_Linear_Guide.jpg\" alt=\"LRM LINEARNE VO\u0110ICE - MINIJATURNE\"><br \/>\n\t\t\t\t<\/a>\n\t\t\t<\/div>\n<div class=\"list-flex-2\">\n\t\t\t\t<a href=\"\/wp-content\/uploads\/katalog_partnerji\/airtac_linear_guides_LRM_Series_Miniature_Linear_Guide.pdf\" target=\"\" rel=\"noopener\"><\/p>\n<h3 style=\"text-transform:uppercase\">LRM LINEARNE VO\u0110ICE &#8211; MINIJATURNE<\/h3>\n<p>\t\t\t\t<\/a>\n\t\t\t<\/div>\n<\/li>\n<\/ul>\n<\/div>\n<\/div>\n<\/div>\n<\/div>\n<\/div>\n<\/section>\n","protected":false},"excerpt":{"rendered":"<p>LSH LINEARNE VO\u0110ICE &#8211; STANDARDNE LSD LINEARNE VO\u0110ICE &#8211; NISKE LGC LINEARNE VO\u0110ICE &#8211; VALJKASTI LE\u017dAJI LRM LINEARNE VO\u0110ICE &#8211; MINIJATURNE<\/p>\n","protected":false},"author":3,"featured_media":0,"parent":6062,"menu_order":0,"comment_status":"closed","ping_status":"closed","template":"page-tpl_left_sidebar.php","meta":{"footnotes":""},"class_list":["post-6072","page","type-page","status-publish","hentry"],"yoast_head":"<!-- This site is optimized with the Yoast SEO plugin v23.6 - https:\/\/yoast.com\/wordpress\/plugins\/seo\/ -->\n<title>Proizvodi - Tio Pnevmatika<\/title>\n<meta name=\"robots\" content=\"index, follow, max-snippet:-1, max-image-preview:large, max-video-preview:-1\" \/>\n<link rel=\"canonical\" href=\"https:\/\/tio-pnevmatika.si\/sr\/airtac-linear-guides\/proizvodi\/\" \/>\n<meta property=\"og:locale\" content=\"sr_RS\" \/>\n<meta property=\"og:type\" content=\"article\" \/>\n<meta property=\"og:title\" content=\"Proizvodi - Tio Pnevmatika\" \/>\n<meta property=\"og:description\" content=\"LSH LINEARNE VO\u0110ICE &#8211; STANDARDNE LSD LINEARNE VO\u0110ICE &#8211; NISKE LGC LINEARNE VO\u0110ICE &#8211; VALJKASTI LE\u017dAJI LRM LINEARNE VO\u0110ICE &#8211; MINIJATURNE\" \/>\n<meta property=\"og:url\" content=\"https:\/\/tio-pnevmatika.si\/sr\/airtac-linear-guides\/proizvodi\/\" \/>\n<meta property=\"og:site_name\" content=\"Tio Pnevmatika\" \/>\n<meta property=\"article:publisher\" content=\"https:\/\/www.facebook.com\/tiopnevmatika\/\" \/>\n<meta property=\"article:modified_time\" content=\"2023-11-27T08:13:04+00:00\" \/>\n<meta name=\"twitter:card\" content=\"summary_large_image\" \/>\n<script type=\"application\/ld+json\" class=\"yoast-schema-graph\">{\"@context\":\"https:\/\/schema.org\",\"@graph\":[{\"@type\":\"WebPage\",\"@id\":\"https:\/\/tio-pnevmatika.si\/sr\/airtac-linear-guides\/proizvodi\/\",\"url\":\"https:\/\/tio-pnevmatika.si\/sr\/airtac-linear-guides\/proizvodi\/\",\"name\":\"Proizvodi - Tio Pnevmatika\",\"isPartOf\":{\"@id\":\"https:\/\/tio-pnevmatika.si\/sr\/#website\"},\"datePublished\":\"2023-04-19T07:14:19+00:00\",\"dateModified\":\"2023-11-27T08:13:04+00:00\",\"breadcrumb\":{\"@id\":\"https:\/\/tio-pnevmatika.si\/sr\/airtac-linear-guides\/proizvodi\/#breadcrumb\"},\"inLanguage\":\"sr-RS\",\"potentialAction\":[{\"@type\":\"ReadAction\",\"target\":[\"https:\/\/tio-pnevmatika.si\/sr\/airtac-linear-guides\/proizvodi\/\"]}]},{\"@type\":\"BreadcrumbList\",\"@id\":\"https:\/\/tio-pnevmatika.si\/sr\/airtac-linear-guides\/proizvodi\/#breadcrumb\",\"itemListElement\":[{\"@type\":\"ListItem\",\"position\":1,\"name\":\"Po\u010detna stranica\",\"item\":\"https:\/\/tio-pnevmatika.si\/sr\/\"},{\"@type\":\"ListItem\",\"position\":2,\"name\":\"Airtac Linear Guides\",\"item\":\"https:\/\/tio-pnevmatika.si\/sr\/airtac-linear-guides\/\"},{\"@type\":\"ListItem\",\"position\":3,\"name\":\"Proizvodi\"}]},{\"@type\":\"WebSite\",\"@id\":\"https:\/\/tio-pnevmatika.si\/sr\/#website\",\"url\":\"https:\/\/tio-pnevmatika.si\/sr\/\",\"name\":\"Tio Pnevmatika\",\"description\":\"Izdelava pnevmatskih komponent.\",\"publisher\":{\"@id\":\"https:\/\/tio-pnevmatika.si\/sr\/#organization\"},\"potentialAction\":[{\"@type\":\"SearchAction\",\"target\":{\"@type\":\"EntryPoint\",\"urlTemplate\":\"https:\/\/tio-pnevmatika.si\/sr\/?s={search_term_string}\"},\"query-input\":{\"@type\":\"PropertyValueSpecification\",\"valueRequired\":true,\"valueName\":\"search_term_string\"}}],\"inLanguage\":\"sr-RS\"},{\"@type\":\"Organization\",\"@id\":\"https:\/\/tio-pnevmatika.si\/sr\/#organization\",\"name\":\"Tio Pneumatika\",\"url\":\"https:\/\/tio-pnevmatika.si\/sr\/\",\"logo\":{\"@type\":\"ImageObject\",\"inLanguage\":\"sr-RS\",\"@id\":\"https:\/\/tio-pnevmatika.si\/sr\/#\/schema\/logo\/image\/\",\"url\":\"https:\/\/tio-pnevmatika.si\/wp-content\/uploads\/2020\/06\/tio_logo_new_web.jpg\",\"contentUrl\":\"https:\/\/tio-pnevmatika.si\/wp-content\/uploads\/2020\/06\/tio_logo_new_web.jpg\",\"width\":500,\"height\":167,\"caption\":\"Tio Pneumatika\"},\"image\":{\"@id\":\"https:\/\/tio-pnevmatika.si\/sr\/#\/schema\/logo\/image\/\"},\"sameAs\":[\"https:\/\/www.facebook.com\/tiopnevmatika\/\",\"https:\/\/www.instagram.com\/tiopnevmatika\/\",\"https:\/\/www.linkedin.com\/company\/tio-pnevmatika\"]}]}<\/script>\n<!-- \/ Yoast SEO plugin. -->","yoast_head_json":{"title":"Proizvodi - Tio Pnevmatika","robots":{"index":"index","follow":"follow","max-snippet":"max-snippet:-1","max-image-preview":"max-image-preview:large","max-video-preview":"max-video-preview:-1"},"canonical":"https:\/\/tio-pnevmatika.si\/sr\/airtac-linear-guides\/proizvodi\/","og_locale":"sr_RS","og_type":"article","og_title":"Proizvodi - Tio Pnevmatika","og_description":"LSH LINEARNE VO\u0110ICE &#8211; STANDARDNE LSD LINEARNE VO\u0110ICE &#8211; NISKE LGC LINEARNE VO\u0110ICE &#8211; VALJKASTI LE\u017dAJI LRM LINEARNE VO\u0110ICE &#8211; MINIJATURNE","og_url":"https:\/\/tio-pnevmatika.si\/sr\/airtac-linear-guides\/proizvodi\/","og_site_name":"Tio Pnevmatika","article_publisher":"https:\/\/www.facebook.com\/tiopnevmatika\/","article_modified_time":"2023-11-27T08:13:04+00:00","twitter_card":"summary_large_image","schema":{"@context":"https:\/\/schema.org","@graph":[{"@type":"WebPage","@id":"https:\/\/tio-pnevmatika.si\/sr\/airtac-linear-guides\/proizvodi\/","url":"https:\/\/tio-pnevmatika.si\/sr\/airtac-linear-guides\/proizvodi\/","name":"Proizvodi - Tio Pnevmatika","isPartOf":{"@id":"https:\/\/tio-pnevmatika.si\/sr\/#website"},"datePublished":"2023-04-19T07:14:19+00:00","dateModified":"2023-11-27T08:13:04+00:00","breadcrumb":{"@id":"https:\/\/tio-pnevmatika.si\/sr\/airtac-linear-guides\/proizvodi\/#breadcrumb"},"inLanguage":"sr-RS","potentialAction":[{"@type":"ReadAction","target":["https:\/\/tio-pnevmatika.si\/sr\/airtac-linear-guides\/proizvodi\/"]}]},{"@type":"BreadcrumbList","@id":"https:\/\/tio-pnevmatika.si\/sr\/airtac-linear-guides\/proizvodi\/#breadcrumb","itemListElement":[{"@type":"ListItem","position":1,"name":"Po\u010detna stranica","item":"https:\/\/tio-pnevmatika.si\/sr\/"},{"@type":"ListItem","position":2,"name":"Airtac Linear Guides","item":"https:\/\/tio-pnevmatika.si\/sr\/airtac-linear-guides\/"},{"@type":"ListItem","position":3,"name":"Proizvodi"}]},{"@type":"WebSite","@id":"https:\/\/tio-pnevmatika.si\/sr\/#website","url":"https:\/\/tio-pnevmatika.si\/sr\/","name":"Tio Pnevmatika","description":"Izdelava pnevmatskih komponent.","publisher":{"@id":"https:\/\/tio-pnevmatika.si\/sr\/#organization"},"potentialAction":[{"@type":"SearchAction","target":{"@type":"EntryPoint","urlTemplate":"https:\/\/tio-pnevmatika.si\/sr\/?s={search_term_string}"},"query-input":{"@type":"PropertyValueSpecification","valueRequired":true,"valueName":"search_term_string"}}],"inLanguage":"sr-RS"},{"@type":"Organization","@id":"https:\/\/tio-pnevmatika.si\/sr\/#organization","name":"Tio Pneumatika","url":"https:\/\/tio-pnevmatika.si\/sr\/","logo":{"@type":"ImageObject","inLanguage":"sr-RS","@id":"https:\/\/tio-pnevmatika.si\/sr\/#\/schema\/logo\/image\/","url":"https:\/\/tio-pnevmatika.si\/wp-content\/uploads\/2020\/06\/tio_logo_new_web.jpg","contentUrl":"https:\/\/tio-pnevmatika.si\/wp-content\/uploads\/2020\/06\/tio_logo_new_web.jpg","width":500,"height":167,"caption":"Tio Pneumatika"},"image":{"@id":"https:\/\/tio-pnevmatika.si\/sr\/#\/schema\/logo\/image\/"},"sameAs":["https:\/\/www.facebook.com\/tiopnevmatika\/","https:\/\/www.instagram.com\/tiopnevmatika\/","https:\/\/www.linkedin.com\/company\/tio-pnevmatika"]}]}},"_links":{"self":[{"href":"https:\/\/tio-pnevmatika.si\/sr\/wp-json\/wp\/v2\/pages\/6072"}],"collection":[{"href":"https:\/\/tio-pnevmatika.si\/sr\/wp-json\/wp\/v2\/pages"}],"about":[{"href":"https:\/\/tio-pnevmatika.si\/sr\/wp-json\/wp\/v2\/types\/page"}],"author":[{"embeddable":true,"href":"https:\/\/tio-pnevmatika.si\/sr\/wp-json\/wp\/v2\/users\/3"}],"replies":[{"embeddable":true,"href":"https:\/\/tio-pnevmatika.si\/sr\/wp-json\/wp\/v2\/comments?post=6072"}],"version-history":[{"count":1,"href":"https:\/\/tio-pnevmatika.si\/sr\/wp-json\/wp\/v2\/pages\/6072\/revisions"}],"predecessor-version":[{"id":6073,"href":"https:\/\/tio-pnevmatika.si\/sr\/wp-json\/wp\/v2\/pages\/6072\/revisions\/6073"}],"up":[{"embeddable":true,"href":"https:\/\/tio-pnevmatika.si\/sr\/wp-json\/wp\/v2\/pages\/6062"}],"wp:attachment":[{"href":"https:\/\/tio-pnevmatika.si\/sr\/wp-json\/wp\/v2\/media?parent=6072"}],"curies":[{"name":"wp","href":"https:\/\/api.w.org\/{rel}","templated":true}]}}