{"id":6088,"date":"2023-06-09T09:07:18","date_gmt":"2023-06-09T09:07:18","guid":{"rendered":"https:\/\/tio-pnevmatika.si\/razvodnici-sa-tri-prikljucka\/"},"modified":"2023-12-09T13:52:15","modified_gmt":"2023-12-09T13:52:15","slug":"razvodnici-sa-3-prikljucka","status":"publish","type":"page","link":"https:\/\/tio-pnevmatika.si\/sr\/mac-valves\/proizvodi\/razvodnici\/razvodnici-sa-3-prikljucka\/","title":{"rendered":"Razvodnici sa 3 priklju\u010dka"},"content":{"rendered":"<section class=\"kc-elm kc-css-108636 kc_row\"><div class=\"kc-row-container  kc-container\"><div class=\"kc-wrap-columns\"><div class=\"kc-elm kc-css-165760 kc_col-sm-12 kc_column kc_col-sm-12\"><div class=\"kc-col-container\"><div class=\"kc-elm kc-css-505331 kc_text_block\"><\/p>\n<style type=\"text\/css\"><span style=\"display: inline-block; width: 0px; overflow: hidden; line-height: 0;\" data-mce-type=\"bookmark\" class=\"mce_SELRES_start\">\ufeff<\/span><span style=\"display: inline-block; width: 0px; overflow: hidden; line-height: 0;\" data-mce-type=\"bookmark\" class=\"mce_SELRES_start\">\ufeff<\/span>@media only screen and (min-width: 1000px) and (max-width: 5000px){body.kc-css-system .kc-css-475129{width: 56.13%;}body.kc-css-system .kc-css-154014{width: 43.85%;}}<\/style>\n<section class=\"kc-elm kc-css-593456 kc_row\">\n<div class=\"kc-row-container kc-container\">\n<div class=\"kc-wrap-columns\">\n<div class=\"kc-elm kc-css-229915 kc_col-sm-12 kc_column kc_col-sm-12\">\n<div class=\"kc-col-container\"><\/div>\n<\/div>\n<\/div>\n<\/div>\n<\/section>\n<section class=\"kc-elm kc-css-524735 kc_row\">\n<div class=\"kc-row-container kc-container\">\n<div class=\"kc-wrap-columns\">\n<div class=\"kc-elm kc-css-475129 kc_col-sm-7 kc_column kc_col-sm-7\">\n<div class=\"kc-col-container\">\n<div class=\"kc-elm kc-css-359137 kc_shortcode kc_single_image\">\n<p><img decoding=\"async\" class=\"\" src=\"https:\/\/tio-pnevmatika.si\/wp-content\/uploads\/2023\/06\/3-potni-ventili.jpg\" alt=\"\" \/><\/p>\n<\/div>\n<\/div>\n<\/div>\n<div class=\"kc-elm kc-css-154014 kc_col-sm-5 kc_column kc_col-sm-5\">\n<div class=\"kc-col-container\">\n<div class=\"kc-elm kc-css-690285\" style=\"height: 18px; clear: both; width: 100%;\"><\/div>\n<div class=\"kc-elm kc-css-570229 kc_text_block\">\n<h4>RAZVODNICI SA TRI PRIKLJU\u010cKA<\/h4>\n<p><strong>MAC direktno upravljani razvodnici sa tri priklju\u010dka<\/strong><br \/>\nVentili se uglavnom koriste za cilindre sa jednostrukim dejstvom ili kao kontrolni (pilot) ventil za vec\u0301e membranske ventile ili klipne ventile.<\/p>\n<\/div>\n<div class=\"kc-elm kc-css-871556\"><a class=\"kc_button btn btn-tio\" title=\"Mali razvodnici sa tri priklju\u010dka\" href=\"https:\/\/www.macvalves.com\/product-category\/small-3-way-valves\/\" target=\"_blank\" rel=\"noopener\">Mali razvodnici sa tri priklju\u010dka <\/a><\/div>\n<div class=\"kc-elm kc-css-546151\" style=\"height: 15px; clear: both; width: 100%;\"><\/div>\n<div class=\"kc-elm kc-css-758571 kc_text_block\">\n<p>Maksimalni protok 0,08 do 1,2 Cv<br \/>\nVeli\u010dine priklju\u010daka 1\/8\", 1\/4\", M3, M5, #10\/32<\/p>\n<\/div>\n<div class=\"kc-elm kc-css-505286\"><a class=\"kc_button btn btn-tio\" title=\"VELIKI RAZVODNICI SA TRI PRIKLJU\u010cKA\" href=\"https:\/\/www.macvalves.com\/product-category\/large-3-way-valves\/\" target=\"_blank\" rel=\"noopener\">Veliki razvodnici sa tri priklju\u010dka<\/a><\/div>\n<div class=\"kc-elm kc-css-265616\" style=\"height: 15px; clear: both; width: 100%;\"><\/div>\n<div class=\"kc-elm kc-css-288162 kc_text_block\">\n<p>Maksimalni protok od 1,5 do 80 Cv<br \/>\nVeli\u010dine priklju\u010daka od 1\/8\" do 2 1\/2\"<\/p>\n<\/div>\n<\/div>\n<\/div>\n<\/div>\n<\/div>\n<\/section>\n<p>\n<\/div><\/div><\/div><\/div><\/div><\/section>\n","protected":false},"excerpt":{"rendered":"","protected":false},"author":3,"featured_media":0,"parent":6090,"menu_order":0,"comment_status":"closed","ping_status":"closed","template":"page-tpl_left_sidebar.php","meta":{"footnotes":""},"class_list":["post-6088","page","type-page","status-publish","hentry"],"yoast_head":"<!-- This site is optimized with the Yoast SEO plugin v23.6 - https:\/\/yoast.com\/wordpress\/plugins\/seo\/ -->\n<title>Razvodnici sa 3 priklju\u010dka - Tio Pnevmatika<\/title>\n<meta name=\"robots\" content=\"index, follow, max-snippet:-1, max-image-preview:large, max-video-preview:-1\" \/>\n<link rel=\"canonical\" href=\"https:\/\/tio-pnevmatika.si\/sr\/mac-valves\/proizvodi\/razvodnici\/razvodnici-sa-3-prikljucka\/\" \/>\n<meta property=\"og:locale\" content=\"sr_RS\" \/>\n<meta property=\"og:type\" content=\"article\" \/>\n<meta property=\"og:title\" content=\"Razvodnici sa 3 priklju\u010dka - Tio Pnevmatika\" \/>\n<meta property=\"og:description\" content=\"RAZVODNICI SA TRI PRIKLJU\u010cKA MAC direktno upravljani razvodnici sa tri priklju\u010dka Ventili se uglavnom koriste za cilindre sa jednostrukim dejstvom ili kao kontrolni (pilot) ventil za vec\u0301e membranske ventile ili klipne ventile. Mali razvodnici sa tri priklju\u010dka Maksimalni protok 0,08 do 1,2 Cv Veli\u010dine priklju\u010daka 1\/8&#8243;, 1\/4&#8243;, M3, M5, #10\/32 Veliki razvodnici sa tri priklju\u010dka [&hellip;]\" \/>\n<meta property=\"og:url\" content=\"https:\/\/tio-pnevmatika.si\/sr\/mac-valves\/proizvodi\/razvodnici\/razvodnici-sa-3-prikljucka\/\" \/>\n<meta property=\"og:site_name\" content=\"Tio Pnevmatika\" \/>\n<meta property=\"article:publisher\" content=\"https:\/\/www.facebook.com\/tiopnevmatika\/\" \/>\n<meta property=\"article:modified_time\" content=\"2023-12-09T13:52:15+00:00\" \/>\n<meta property=\"og:image\" content=\"https:\/\/tio-pnevmatika.si\/wp-content\/uploads\/2023\/06\/3-potni-ventili.jpg\" \/>\n<meta name=\"twitter:card\" content=\"summary_large_image\" \/>\n<meta name=\"twitter:label1\" content=\"\u041f\u0440\u043e\u0446\u0435\u045a\u0435\u043d\u043e \u0432\u0440\u0435\u043c\u0435 \u0447\u0438\u0442\u0430\u045a\u0430\" \/>\n\t<meta name=\"twitter:data1\" content=\"1 \u043c\u0438\u043d\u0443\u0442\" \/>\n<script type=\"application\/ld+json\" class=\"yoast-schema-graph\">{\"@context\":\"https:\/\/schema.org\",\"@graph\":[{\"@type\":\"WebPage\",\"@id\":\"https:\/\/tio-pnevmatika.si\/sr\/mac-valves\/proizvodi\/razvodnici\/razvodnici-sa-3-prikljucka\/\",\"url\":\"https:\/\/tio-pnevmatika.si\/sr\/mac-valves\/proizvodi\/razvodnici\/razvodnici-sa-3-prikljucka\/\",\"name\":\"Razvodnici sa 3 priklju\u010dka - Tio Pnevmatika\",\"isPartOf\":{\"@id\":\"https:\/\/tio-pnevmatika.si\/sr\/#website\"},\"primaryImageOfPage\":{\"@id\":\"https:\/\/tio-pnevmatika.si\/sr\/mac-valves\/proizvodi\/razvodnici\/razvodnici-sa-3-prikljucka\/#primaryimage\"},\"image\":{\"@id\":\"https:\/\/tio-pnevmatika.si\/sr\/mac-valves\/proizvodi\/razvodnici\/razvodnici-sa-3-prikljucka\/#primaryimage\"},\"thumbnailUrl\":\"https:\/\/tio-pnevmatika.si\/wp-content\/uploads\/2023\/06\/3-potni-ventili.jpg\",\"datePublished\":\"2023-06-09T09:07:18+00:00\",\"dateModified\":\"2023-12-09T13:52:15+00:00\",\"breadcrumb\":{\"@id\":\"https:\/\/tio-pnevmatika.si\/sr\/mac-valves\/proizvodi\/razvodnici\/razvodnici-sa-3-prikljucka\/#breadcrumb\"},\"inLanguage\":\"sr-RS\",\"potentialAction\":[{\"@type\":\"ReadAction\",\"target\":[\"https:\/\/tio-pnevmatika.si\/sr\/mac-valves\/proizvodi\/razvodnici\/razvodnici-sa-3-prikljucka\/\"]}]},{\"@type\":\"ImageObject\",\"inLanguage\":\"sr-RS\",\"@id\":\"https:\/\/tio-pnevmatika.si\/sr\/mac-valves\/proizvodi\/razvodnici\/razvodnici-sa-3-prikljucka\/#primaryimage\",\"url\":\"https:\/\/tio-pnevmatika.si\/wp-content\/uploads\/2023\/06\/3-potni-ventili.jpg\",\"contentUrl\":\"https:\/\/tio-pnevmatika.si\/wp-content\/uploads\/2023\/06\/3-potni-ventili.jpg\"},{\"@type\":\"BreadcrumbList\",\"@id\":\"https:\/\/tio-pnevmatika.si\/sr\/mac-valves\/proizvodi\/razvodnici\/razvodnici-sa-3-prikljucka\/#breadcrumb\",\"itemListElement\":[{\"@type\":\"ListItem\",\"position\":1,\"name\":\"Po\u010detna stranica\",\"item\":\"https:\/\/tio-pnevmatika.si\/sr\/\"},{\"@type\":\"ListItem\",\"position\":2,\"name\":\"MAC Valves\",\"item\":\"https:\/\/tio-pnevmatika.si\/sr\/mac-valves\/\"},{\"@type\":\"ListItem\",\"position\":3,\"name\":\"Proizvodi\",\"item\":\"https:\/\/tio-pnevmatika.si\/sr\/mac-valves\/proizvodi\/\"},{\"@type\":\"ListItem\",\"position\":4,\"name\":\"Razvodnici\",\"item\":\"https:\/\/tio-pnevmatika.si\/sr\/mac-valves\/proizvodi\/razvodnici\/\"},{\"@type\":\"ListItem\",\"position\":5,\"name\":\"Razvodnici sa 3 priklju\u010dka\"}]},{\"@type\":\"WebSite\",\"@id\":\"https:\/\/tio-pnevmatika.si\/sr\/#website\",\"url\":\"https:\/\/tio-pnevmatika.si\/sr\/\",\"name\":\"Tio Pnevmatika\",\"description\":\"Izdelava pnevmatskih komponent.\",\"publisher\":{\"@id\":\"https:\/\/tio-pnevmatika.si\/sr\/#organization\"},\"potentialAction\":[{\"@type\":\"SearchAction\",\"target\":{\"@type\":\"EntryPoint\",\"urlTemplate\":\"https:\/\/tio-pnevmatika.si\/sr\/?s={search_term_string}\"},\"query-input\":{\"@type\":\"PropertyValueSpecification\",\"valueRequired\":true,\"valueName\":\"search_term_string\"}}],\"inLanguage\":\"sr-RS\"},{\"@type\":\"Organization\",\"@id\":\"https:\/\/tio-pnevmatika.si\/sr\/#organization\",\"name\":\"Tio Pneumatika\",\"url\":\"https:\/\/tio-pnevmatika.si\/sr\/\",\"logo\":{\"@type\":\"ImageObject\",\"inLanguage\":\"sr-RS\",\"@id\":\"https:\/\/tio-pnevmatika.si\/sr\/#\/schema\/logo\/image\/\",\"url\":\"https:\/\/tio-pnevmatika.si\/wp-content\/uploads\/2020\/06\/tio_logo_new_web.jpg\",\"contentUrl\":\"https:\/\/tio-pnevmatika.si\/wp-content\/uploads\/2020\/06\/tio_logo_new_web.jpg\",\"width\":500,\"height\":167,\"caption\":\"Tio Pneumatika\"},\"image\":{\"@id\":\"https:\/\/tio-pnevmatika.si\/sr\/#\/schema\/logo\/image\/\"},\"sameAs\":[\"https:\/\/www.facebook.com\/tiopnevmatika\/\",\"https:\/\/www.instagram.com\/tiopnevmatika\/\",\"https:\/\/www.linkedin.com\/company\/tio-pnevmatika\"]}]}<\/script>\n<!-- \/ Yoast SEO plugin. -->","yoast_head_json":{"title":"Razvodnici sa 3 priklju\u010dka - Tio Pnevmatika","robots":{"index":"index","follow":"follow","max-snippet":"max-snippet:-1","max-image-preview":"max-image-preview:large","max-video-preview":"max-video-preview:-1"},"canonical":"https:\/\/tio-pnevmatika.si\/sr\/mac-valves\/proizvodi\/razvodnici\/razvodnici-sa-3-prikljucka\/","og_locale":"sr_RS","og_type":"article","og_title":"Razvodnici sa 3 priklju\u010dka - Tio Pnevmatika","og_description":"RAZVODNICI SA TRI PRIKLJU\u010cKA MAC direktno upravljani razvodnici sa tri priklju\u010dka Ventili se uglavnom koriste za cilindre sa jednostrukim dejstvom ili kao kontrolni (pilot) ventil za vec\u0301e membranske ventile ili klipne ventile. Mali razvodnici sa tri priklju\u010dka Maksimalni protok 0,08 do 1,2 Cv Veli\u010dine priklju\u010daka 1\/8&#8243;, 1\/4&#8243;, M3, M5, #10\/32 Veliki razvodnici sa tri priklju\u010dka [&hellip;]","og_url":"https:\/\/tio-pnevmatika.si\/sr\/mac-valves\/proizvodi\/razvodnici\/razvodnici-sa-3-prikljucka\/","og_site_name":"Tio Pnevmatika","article_publisher":"https:\/\/www.facebook.com\/tiopnevmatika\/","article_modified_time":"2023-12-09T13:52:15+00:00","og_image":[{"url":"https:\/\/tio-pnevmatika.si\/wp-content\/uploads\/2023\/06\/3-potni-ventili.jpg"}],"twitter_card":"summary_large_image","twitter_misc":{"\u041f\u0440\u043e\u0446\u0435\u045a\u0435\u043d\u043e \u0432\u0440\u0435\u043c\u0435 \u0447\u0438\u0442\u0430\u045a\u0430":"1 \u043c\u0438\u043d\u0443\u0442"},"schema":{"@context":"https:\/\/schema.org","@graph":[{"@type":"WebPage","@id":"https:\/\/tio-pnevmatika.si\/sr\/mac-valves\/proizvodi\/razvodnici\/razvodnici-sa-3-prikljucka\/","url":"https:\/\/tio-pnevmatika.si\/sr\/mac-valves\/proizvodi\/razvodnici\/razvodnici-sa-3-prikljucka\/","name":"Razvodnici sa 3 priklju\u010dka - Tio Pnevmatika","isPartOf":{"@id":"https:\/\/tio-pnevmatika.si\/sr\/#website"},"primaryImageOfPage":{"@id":"https:\/\/tio-pnevmatika.si\/sr\/mac-valves\/proizvodi\/razvodnici\/razvodnici-sa-3-prikljucka\/#primaryimage"},"image":{"@id":"https:\/\/tio-pnevmatika.si\/sr\/mac-valves\/proizvodi\/razvodnici\/razvodnici-sa-3-prikljucka\/#primaryimage"},"thumbnailUrl":"https:\/\/tio-pnevmatika.si\/wp-content\/uploads\/2023\/06\/3-potni-ventili.jpg","datePublished":"2023-06-09T09:07:18+00:00","dateModified":"2023-12-09T13:52:15+00:00","breadcrumb":{"@id":"https:\/\/tio-pnevmatika.si\/sr\/mac-valves\/proizvodi\/razvodnici\/razvodnici-sa-3-prikljucka\/#breadcrumb"},"inLanguage":"sr-RS","potentialAction":[{"@type":"ReadAction","target":["https:\/\/tio-pnevmatika.si\/sr\/mac-valves\/proizvodi\/razvodnici\/razvodnici-sa-3-prikljucka\/"]}]},{"@type":"ImageObject","inLanguage":"sr-RS","@id":"https:\/\/tio-pnevmatika.si\/sr\/mac-valves\/proizvodi\/razvodnici\/razvodnici-sa-3-prikljucka\/#primaryimage","url":"https:\/\/tio-pnevmatika.si\/wp-content\/uploads\/2023\/06\/3-potni-ventili.jpg","contentUrl":"https:\/\/tio-pnevmatika.si\/wp-content\/uploads\/2023\/06\/3-potni-ventili.jpg"},{"@type":"BreadcrumbList","@id":"https:\/\/tio-pnevmatika.si\/sr\/mac-valves\/proizvodi\/razvodnici\/razvodnici-sa-3-prikljucka\/#breadcrumb","itemListElement":[{"@type":"ListItem","position":1,"name":"Po\u010detna stranica","item":"https:\/\/tio-pnevmatika.si\/sr\/"},{"@type":"ListItem","position":2,"name":"MAC Valves","item":"https:\/\/tio-pnevmatika.si\/sr\/mac-valves\/"},{"@type":"ListItem","position":3,"name":"Proizvodi","item":"https:\/\/tio-pnevmatika.si\/sr\/mac-valves\/proizvodi\/"},{"@type":"ListItem","position":4,"name":"Razvodnici","item":"https:\/\/tio-pnevmatika.si\/sr\/mac-valves\/proizvodi\/razvodnici\/"},{"@type":"ListItem","position":5,"name":"Razvodnici sa 3 priklju\u010dka"}]},{"@type":"WebSite","@id":"https:\/\/tio-pnevmatika.si\/sr\/#website","url":"https:\/\/tio-pnevmatika.si\/sr\/","name":"Tio Pnevmatika","description":"Izdelava pnevmatskih komponent.","publisher":{"@id":"https:\/\/tio-pnevmatika.si\/sr\/#organization"},"potentialAction":[{"@type":"SearchAction","target":{"@type":"EntryPoint","urlTemplate":"https:\/\/tio-pnevmatika.si\/sr\/?s={search_term_string}"},"query-input":{"@type":"PropertyValueSpecification","valueRequired":true,"valueName":"search_term_string"}}],"inLanguage":"sr-RS"},{"@type":"Organization","@id":"https:\/\/tio-pnevmatika.si\/sr\/#organization","name":"Tio Pneumatika","url":"https:\/\/tio-pnevmatika.si\/sr\/","logo":{"@type":"ImageObject","inLanguage":"sr-RS","@id":"https:\/\/tio-pnevmatika.si\/sr\/#\/schema\/logo\/image\/","url":"https:\/\/tio-pnevmatika.si\/wp-content\/uploads\/2020\/06\/tio_logo_new_web.jpg","contentUrl":"https:\/\/tio-pnevmatika.si\/wp-content\/uploads\/2020\/06\/tio_logo_new_web.jpg","width":500,"height":167,"caption":"Tio Pneumatika"},"image":{"@id":"https:\/\/tio-pnevmatika.si\/sr\/#\/schema\/logo\/image\/"},"sameAs":["https:\/\/www.facebook.com\/tiopnevmatika\/","https:\/\/www.instagram.com\/tiopnevmatika\/","https:\/\/www.linkedin.com\/company\/tio-pnevmatika"]}]}},"_links":{"self":[{"href":"https:\/\/tio-pnevmatika.si\/sr\/wp-json\/wp\/v2\/pages\/6088"}],"collection":[{"href":"https:\/\/tio-pnevmatika.si\/sr\/wp-json\/wp\/v2\/pages"}],"about":[{"href":"https:\/\/tio-pnevmatika.si\/sr\/wp-json\/wp\/v2\/types\/page"}],"author":[{"embeddable":true,"href":"https:\/\/tio-pnevmatika.si\/sr\/wp-json\/wp\/v2\/users\/3"}],"replies":[{"embeddable":true,"href":"https:\/\/tio-pnevmatika.si\/sr\/wp-json\/wp\/v2\/comments?post=6088"}],"version-history":[{"count":5,"href":"https:\/\/tio-pnevmatika.si\/sr\/wp-json\/wp\/v2\/pages\/6088\/revisions"}],"predecessor-version":[{"id":6163,"href":"https:\/\/tio-pnevmatika.si\/sr\/wp-json\/wp\/v2\/pages\/6088\/revisions\/6163"}],"up":[{"embeddable":true,"href":"https:\/\/tio-pnevmatika.si\/sr\/wp-json\/wp\/v2\/pages\/6090"}],"wp:attachment":[{"href":"https:\/\/tio-pnevmatika.si\/sr\/wp-json\/wp\/v2\/media?parent=6088"}],"curies":[{"name":"wp","href":"https:\/\/api.w.org\/{rel}","templated":true}]}}