{"id":6105,"date":"2023-06-09T12:08:03","date_gmt":"2023-06-09T12:08:03","guid":{"rendered":"https:\/\/tio-pnevmatika.si\/mac-valves\/proizvodi\/razvodnici\/ostali-ventili\/"},"modified":"2023-11-29T16:44:58","modified_gmt":"2023-11-29T16:44:58","slug":"ostali-ventili","status":"publish","type":"page","link":"https:\/\/tio-pnevmatika.si\/sr\/mac-valves\/proizvodi\/razvodnici\/ostali-ventili\/","title":{"rendered":"OSTALI VENTILI"},"content":{"rendered":"<section class=\"kc-elm kc-css-705442 kc_row\"><div class=\"kc-row-container  kc-container\"><div class=\"kc-wrap-columns\"><div class=\"kc-elm kc-css-789063 kc_col-sm-12 kc_column kc_col-sm-12\"><div class=\"kc-col-container\"><div class=\"kc-elm kc_text_block\"><\/p>\n<style type=\"text\/css\">@media only screen and (min-width: 1000px) and (max-width: 5000px){body.kc-css-system .kc-css-3207220{width: 56.13%;}body.kc-css-system .kc-css-1456737{width: 43.85%;}}<\/style>\n<section class=\"kc-elm kc-css-2396283 kc_row\">\n<div class=\"kc-row-container kc-container\">\n<div class=\"kc-wrap-columns\">\n<div class=\"kc-elm kc-css-3207220 kc_col-sm-7 kc_column kc_col-sm-7\">\n<div class=\"kc-col-container\">\n<div class=\"kc-elm kc-css-4148648 kc_shortcode kc_single_image\">\n<p><img decoding=\"async\" class=\"\" src=\"https:\/\/tio-pnevmatika.si\/wp-content\/uploads\/2023\/06\/ostali-ventili.jpg\" alt=\"\" \/><\/p>\n<\/div>\n<\/div>\n<\/div>\n<div class=\"kc-elm kc-css-1456737 kc_col-sm-5 kc_column kc_col-sm-5\">\n<div class=\"kc-col-container\">\n<div class=\"kc-elm kc-css-2325018\" style=\"height: 18px; clear: both; width: 100%;\"><\/div>\n<div class=\"kc-elm kc-css-2720987 kc_text_block\">\n<h4>OSTALI VENTILI<\/h4>\n<p><strong>MAC ventili za svaku aplikaciju<\/strong><\/p>\n<p>Bez obzira na vrstu primene, MAC ventili posti\u017eu velike brzine odziva i odlikuju se pouzdano\u0161c\u0301u<br \/>\ni ponovljivo\u0161\u0107u<br \/>\nPneumatski upravljani &#8211; regulatori pritiska &#8211; ventilska ostrva<\/p>\n<\/div>\n<div class=\"kc-elm kc-css-4332423\"><a class=\"kc_button btn btn-tio\" title=\"Vi\u0161e\" href=\"https:\/\/www.macvalves.com\/other-products\/\" target=\"_blank\" rel=\"noopener\">Vi\u0161e informacija <\/a><\/div>\n<\/div>\n<\/div>\n<\/div>\n<\/div>\n<\/section>\n<p>\n<\/div><\/div><\/div><\/div><\/div><\/section>\n","protected":false},"excerpt":{"rendered":"","protected":false},"author":3,"featured_media":0,"parent":6090,"menu_order":0,"comment_status":"closed","ping_status":"closed","template":"page-tpl_left_sidebar.php","meta":{"footnotes":""},"class_list":["post-6105","page","type-page","status-publish","hentry"],"yoast_head":"<!-- This site is optimized with the Yoast SEO plugin v23.6 - https:\/\/yoast.com\/wordpress\/plugins\/seo\/ -->\n<title>OSTALI VENTILI - Tio Pnevmatika<\/title>\n<meta name=\"robots\" content=\"index, follow, max-snippet:-1, max-image-preview:large, max-video-preview:-1\" \/>\n<link rel=\"canonical\" href=\"https:\/\/tio-pnevmatika.si\/sr\/mac-valves\/proizvodi\/razvodnici\/ostali-ventili\/\" \/>\n<meta property=\"og:locale\" content=\"sr_RS\" \/>\n<meta property=\"og:type\" content=\"article\" \/>\n<meta property=\"og:title\" content=\"OSTALI VENTILI - Tio Pnevmatika\" \/>\n<meta property=\"og:description\" content=\"OSTALI VENTILI MAC ventili za svaku aplikaciju Bez obzira na vrstu primene, MAC ventili posti\u017eu velike brzine odziva i odlikuju se pouzdano\u0161c\u0301u i ponovljivo\u0161\u0107u Pneumatski upravljani &#8211; regulatori pritiska &#8211; ventilska ostrva Vi\u0161e informacija\" \/>\n<meta property=\"og:url\" content=\"https:\/\/tio-pnevmatika.si\/sr\/mac-valves\/proizvodi\/razvodnici\/ostali-ventili\/\" \/>\n<meta property=\"og:site_name\" content=\"Tio Pnevmatika\" \/>\n<meta property=\"article:publisher\" content=\"https:\/\/www.facebook.com\/tiopnevmatika\/\" \/>\n<meta property=\"article:modified_time\" content=\"2023-11-29T16:44:58+00:00\" \/>\n<meta property=\"og:image\" content=\"https:\/\/tio-pnevmatika.si\/wp-content\/uploads\/2023\/06\/ostali-ventili.jpg\" \/>\n<meta name=\"twitter:card\" content=\"summary_large_image\" \/>\n<meta name=\"twitter:label1\" content=\"\u041f\u0440\u043e\u0446\u0435\u045a\u0435\u043d\u043e \u0432\u0440\u0435\u043c\u0435 \u0447\u0438\u0442\u0430\u045a\u0430\" \/>\n\t<meta name=\"twitter:data1\" content=\"1 \u043c\u0438\u043d\u0443\u0442\" \/>\n<script type=\"application\/ld+json\" class=\"yoast-schema-graph\">{\"@context\":\"https:\/\/schema.org\",\"@graph\":[{\"@type\":\"WebPage\",\"@id\":\"https:\/\/tio-pnevmatika.si\/sr\/mac-valves\/proizvodi\/razvodnici\/ostali-ventili\/\",\"url\":\"https:\/\/tio-pnevmatika.si\/sr\/mac-valves\/proizvodi\/razvodnici\/ostali-ventili\/\",\"name\":\"OSTALI VENTILI - Tio Pnevmatika\",\"isPartOf\":{\"@id\":\"https:\/\/tio-pnevmatika.si\/sr\/#website\"},\"primaryImageOfPage\":{\"@id\":\"https:\/\/tio-pnevmatika.si\/sr\/mac-valves\/proizvodi\/razvodnici\/ostali-ventili\/#primaryimage\"},\"image\":{\"@id\":\"https:\/\/tio-pnevmatika.si\/sr\/mac-valves\/proizvodi\/razvodnici\/ostali-ventili\/#primaryimage\"},\"thumbnailUrl\":\"https:\/\/tio-pnevmatika.si\/wp-content\/uploads\/2023\/06\/ostali-ventili.jpg\",\"datePublished\":\"2023-06-09T12:08:03+00:00\",\"dateModified\":\"2023-11-29T16:44:58+00:00\",\"breadcrumb\":{\"@id\":\"https:\/\/tio-pnevmatika.si\/sr\/mac-valves\/proizvodi\/razvodnici\/ostali-ventili\/#breadcrumb\"},\"inLanguage\":\"sr-RS\",\"potentialAction\":[{\"@type\":\"ReadAction\",\"target\":[\"https:\/\/tio-pnevmatika.si\/sr\/mac-valves\/proizvodi\/razvodnici\/ostali-ventili\/\"]}]},{\"@type\":\"ImageObject\",\"inLanguage\":\"sr-RS\",\"@id\":\"https:\/\/tio-pnevmatika.si\/sr\/mac-valves\/proizvodi\/razvodnici\/ostali-ventili\/#primaryimage\",\"url\":\"https:\/\/tio-pnevmatika.si\/wp-content\/uploads\/2023\/06\/ostali-ventili.jpg\",\"contentUrl\":\"https:\/\/tio-pnevmatika.si\/wp-content\/uploads\/2023\/06\/ostali-ventili.jpg\"},{\"@type\":\"BreadcrumbList\",\"@id\":\"https:\/\/tio-pnevmatika.si\/sr\/mac-valves\/proizvodi\/razvodnici\/ostali-ventili\/#breadcrumb\",\"itemListElement\":[{\"@type\":\"ListItem\",\"position\":1,\"name\":\"Po\u010detna stranica\",\"item\":\"https:\/\/tio-pnevmatika.si\/sr\/\"},{\"@type\":\"ListItem\",\"position\":2,\"name\":\"MAC Valves\",\"item\":\"https:\/\/tio-pnevmatika.si\/sr\/mac-valves\/\"},{\"@type\":\"ListItem\",\"position\":3,\"name\":\"Proizvodi\",\"item\":\"https:\/\/tio-pnevmatika.si\/sr\/mac-valves\/proizvodi\/\"},{\"@type\":\"ListItem\",\"position\":4,\"name\":\"Razvodnici\",\"item\":\"https:\/\/tio-pnevmatika.si\/sr\/mac-valves\/proizvodi\/razvodnici\/\"},{\"@type\":\"ListItem\",\"position\":5,\"name\":\"OSTALI VENTILI\"}]},{\"@type\":\"WebSite\",\"@id\":\"https:\/\/tio-pnevmatika.si\/sr\/#website\",\"url\":\"https:\/\/tio-pnevmatika.si\/sr\/\",\"name\":\"Tio Pnevmatika\",\"description\":\"Izdelava pnevmatskih komponent.\",\"publisher\":{\"@id\":\"https:\/\/tio-pnevmatika.si\/sr\/#organization\"},\"potentialAction\":[{\"@type\":\"SearchAction\",\"target\":{\"@type\":\"EntryPoint\",\"urlTemplate\":\"https:\/\/tio-pnevmatika.si\/sr\/?s={search_term_string}\"},\"query-input\":{\"@type\":\"PropertyValueSpecification\",\"valueRequired\":true,\"valueName\":\"search_term_string\"}}],\"inLanguage\":\"sr-RS\"},{\"@type\":\"Organization\",\"@id\":\"https:\/\/tio-pnevmatika.si\/sr\/#organization\",\"name\":\"Tio Pneumatika\",\"url\":\"https:\/\/tio-pnevmatika.si\/sr\/\",\"logo\":{\"@type\":\"ImageObject\",\"inLanguage\":\"sr-RS\",\"@id\":\"https:\/\/tio-pnevmatika.si\/sr\/#\/schema\/logo\/image\/\",\"url\":\"https:\/\/tio-pnevmatika.si\/wp-content\/uploads\/2020\/06\/tio_logo_new_web.jpg\",\"contentUrl\":\"https:\/\/tio-pnevmatika.si\/wp-content\/uploads\/2020\/06\/tio_logo_new_web.jpg\",\"width\":500,\"height\":167,\"caption\":\"Tio Pneumatika\"},\"image\":{\"@id\":\"https:\/\/tio-pnevmatika.si\/sr\/#\/schema\/logo\/image\/\"},\"sameAs\":[\"https:\/\/www.facebook.com\/tiopnevmatika\/\",\"https:\/\/www.instagram.com\/tiopnevmatika\/\",\"https:\/\/www.linkedin.com\/company\/tio-pnevmatika\"]}]}<\/script>\n<!-- \/ Yoast SEO plugin. -->","yoast_head_json":{"title":"OSTALI VENTILI - Tio Pnevmatika","robots":{"index":"index","follow":"follow","max-snippet":"max-snippet:-1","max-image-preview":"max-image-preview:large","max-video-preview":"max-video-preview:-1"},"canonical":"https:\/\/tio-pnevmatika.si\/sr\/mac-valves\/proizvodi\/razvodnici\/ostali-ventili\/","og_locale":"sr_RS","og_type":"article","og_title":"OSTALI VENTILI - Tio Pnevmatika","og_description":"OSTALI VENTILI MAC ventili za svaku aplikaciju Bez obzira na vrstu primene, MAC ventili posti\u017eu velike brzine odziva i odlikuju se pouzdano\u0161c\u0301u i ponovljivo\u0161\u0107u Pneumatski upravljani &#8211; regulatori pritiska &#8211; ventilska ostrva Vi\u0161e informacija","og_url":"https:\/\/tio-pnevmatika.si\/sr\/mac-valves\/proizvodi\/razvodnici\/ostali-ventili\/","og_site_name":"Tio Pnevmatika","article_publisher":"https:\/\/www.facebook.com\/tiopnevmatika\/","article_modified_time":"2023-11-29T16:44:58+00:00","og_image":[{"url":"https:\/\/tio-pnevmatika.si\/wp-content\/uploads\/2023\/06\/ostali-ventili.jpg"}],"twitter_card":"summary_large_image","twitter_misc":{"\u041f\u0440\u043e\u0446\u0435\u045a\u0435\u043d\u043e \u0432\u0440\u0435\u043c\u0435 \u0447\u0438\u0442\u0430\u045a\u0430":"1 \u043c\u0438\u043d\u0443\u0442"},"schema":{"@context":"https:\/\/schema.org","@graph":[{"@type":"WebPage","@id":"https:\/\/tio-pnevmatika.si\/sr\/mac-valves\/proizvodi\/razvodnici\/ostali-ventili\/","url":"https:\/\/tio-pnevmatika.si\/sr\/mac-valves\/proizvodi\/razvodnici\/ostali-ventili\/","name":"OSTALI VENTILI - Tio Pnevmatika","isPartOf":{"@id":"https:\/\/tio-pnevmatika.si\/sr\/#website"},"primaryImageOfPage":{"@id":"https:\/\/tio-pnevmatika.si\/sr\/mac-valves\/proizvodi\/razvodnici\/ostali-ventili\/#primaryimage"},"image":{"@id":"https:\/\/tio-pnevmatika.si\/sr\/mac-valves\/proizvodi\/razvodnici\/ostali-ventili\/#primaryimage"},"thumbnailUrl":"https:\/\/tio-pnevmatika.si\/wp-content\/uploads\/2023\/06\/ostali-ventili.jpg","datePublished":"2023-06-09T12:08:03+00:00","dateModified":"2023-11-29T16:44:58+00:00","breadcrumb":{"@id":"https:\/\/tio-pnevmatika.si\/sr\/mac-valves\/proizvodi\/razvodnici\/ostali-ventili\/#breadcrumb"},"inLanguage":"sr-RS","potentialAction":[{"@type":"ReadAction","target":["https:\/\/tio-pnevmatika.si\/sr\/mac-valves\/proizvodi\/razvodnici\/ostali-ventili\/"]}]},{"@type":"ImageObject","inLanguage":"sr-RS","@id":"https:\/\/tio-pnevmatika.si\/sr\/mac-valves\/proizvodi\/razvodnici\/ostali-ventili\/#primaryimage","url":"https:\/\/tio-pnevmatika.si\/wp-content\/uploads\/2023\/06\/ostali-ventili.jpg","contentUrl":"https:\/\/tio-pnevmatika.si\/wp-content\/uploads\/2023\/06\/ostali-ventili.jpg"},{"@type":"BreadcrumbList","@id":"https:\/\/tio-pnevmatika.si\/sr\/mac-valves\/proizvodi\/razvodnici\/ostali-ventili\/#breadcrumb","itemListElement":[{"@type":"ListItem","position":1,"name":"Po\u010detna stranica","item":"https:\/\/tio-pnevmatika.si\/sr\/"},{"@type":"ListItem","position":2,"name":"MAC Valves","item":"https:\/\/tio-pnevmatika.si\/sr\/mac-valves\/"},{"@type":"ListItem","position":3,"name":"Proizvodi","item":"https:\/\/tio-pnevmatika.si\/sr\/mac-valves\/proizvodi\/"},{"@type":"ListItem","position":4,"name":"Razvodnici","item":"https:\/\/tio-pnevmatika.si\/sr\/mac-valves\/proizvodi\/razvodnici\/"},{"@type":"ListItem","position":5,"name":"OSTALI VENTILI"}]},{"@type":"WebSite","@id":"https:\/\/tio-pnevmatika.si\/sr\/#website","url":"https:\/\/tio-pnevmatika.si\/sr\/","name":"Tio Pnevmatika","description":"Izdelava pnevmatskih komponent.","publisher":{"@id":"https:\/\/tio-pnevmatika.si\/sr\/#organization"},"potentialAction":[{"@type":"SearchAction","target":{"@type":"EntryPoint","urlTemplate":"https:\/\/tio-pnevmatika.si\/sr\/?s={search_term_string}"},"query-input":{"@type":"PropertyValueSpecification","valueRequired":true,"valueName":"search_term_string"}}],"inLanguage":"sr-RS"},{"@type":"Organization","@id":"https:\/\/tio-pnevmatika.si\/sr\/#organization","name":"Tio Pneumatika","url":"https:\/\/tio-pnevmatika.si\/sr\/","logo":{"@type":"ImageObject","inLanguage":"sr-RS","@id":"https:\/\/tio-pnevmatika.si\/sr\/#\/schema\/logo\/image\/","url":"https:\/\/tio-pnevmatika.si\/wp-content\/uploads\/2020\/06\/tio_logo_new_web.jpg","contentUrl":"https:\/\/tio-pnevmatika.si\/wp-content\/uploads\/2020\/06\/tio_logo_new_web.jpg","width":500,"height":167,"caption":"Tio Pneumatika"},"image":{"@id":"https:\/\/tio-pnevmatika.si\/sr\/#\/schema\/logo\/image\/"},"sameAs":["https:\/\/www.facebook.com\/tiopnevmatika\/","https:\/\/www.instagram.com\/tiopnevmatika\/","https:\/\/www.linkedin.com\/company\/tio-pnevmatika"]}]}},"_links":{"self":[{"href":"https:\/\/tio-pnevmatika.si\/sr\/wp-json\/wp\/v2\/pages\/6105"}],"collection":[{"href":"https:\/\/tio-pnevmatika.si\/sr\/wp-json\/wp\/v2\/pages"}],"about":[{"href":"https:\/\/tio-pnevmatika.si\/sr\/wp-json\/wp\/v2\/types\/page"}],"author":[{"embeddable":true,"href":"https:\/\/tio-pnevmatika.si\/sr\/wp-json\/wp\/v2\/users\/3"}],"replies":[{"embeddable":true,"href":"https:\/\/tio-pnevmatika.si\/sr\/wp-json\/wp\/v2\/comments?post=6105"}],"version-history":[{"count":1,"href":"https:\/\/tio-pnevmatika.si\/sr\/wp-json\/wp\/v2\/pages\/6105\/revisions"}],"predecessor-version":[{"id":6107,"href":"https:\/\/tio-pnevmatika.si\/sr\/wp-json\/wp\/v2\/pages\/6105\/revisions\/6107"}],"up":[{"embeddable":true,"href":"https:\/\/tio-pnevmatika.si\/sr\/wp-json\/wp\/v2\/pages\/6090"}],"wp:attachment":[{"href":"https:\/\/tio-pnevmatika.si\/sr\/wp-json\/wp\/v2\/media?parent=6105"}],"curies":[{"name":"wp","href":"https:\/\/api.w.org\/{rel}","templated":true}]}}