{"id":6108,"date":"2023-06-09T11:58:08","date_gmt":"2023-06-09T11:58:08","guid":{"rendered":"https:\/\/tio-pnevmatika.si\/mac-valves\/proizvodi\/razvodnici\/proporcionalni-regulatori-pritiska-ppc-pmpp-pqe\/"},"modified":"2023-11-29T16:47:44","modified_gmt":"2023-11-29T16:47:44","slug":"proporcionalni-regulatori-pritiska-ppc-pmpp-pqe","status":"publish","type":"page","link":"https:\/\/tio-pnevmatika.si\/sr\/mac-valves\/proizvodi\/razvodnici\/proporcionalni-regulatori-pritiska-ppc-pmpp-pqe\/","title":{"rendered":"PROPORCIONALNI REGULATORI PRITISKA &#8211; PPC &#8211; PMPP &#8211; PQE"},"content":{"rendered":"<section class=\"kc-elm kc-css-407529 kc_row\"><div class=\"kc-row-container  kc-container\"><div class=\"kc-wrap-columns\"><div class=\"kc-elm kc-css-171465 kc_col-sm-12 kc_column kc_col-sm-12\"><div class=\"kc-col-container\"><div class=\"kc-elm kc-css-801254 kc_text_block\"><\/p>\n<style type=\"text\/css\">@media only screen and (min-width: 1000px) and (max-width: 5000px){body.kc-css-system .kc-css-3124812{width: 56.13%;}body.kc-css-system .kc-css-980643{width: 43.85%;}}<\/style>\n<section class=\"kc-elm kc-css-2718135 kc_row\">\n<div class=\"kc-row-container kc-container\">\n<div class=\"kc-wrap-columns\">\n<div class=\"kc-elm kc-css-3124812 kc_col-sm-7 kc_column kc_col-sm-7\">\n<div class=\"kc-col-container\">\n<div class=\"kc-elm kc-css-3789474 kc_shortcode kc_single_image\">\n<p><img decoding=\"async\" class=\"\" src=\"https:\/\/tio-pnevmatika.si\/wp-content\/uploads\/2023\/06\/proporcionalni-regulatorji-tlaka-PPC-PMPP-PQE.jpg\" alt=\"\" \/><\/p>\n<\/div>\n<\/div>\n<\/div>\n<div class=\"kc-elm kc-css-980643 kc_col-sm-5 kc_column kc_col-sm-5\">\n<div class=\"kc-col-container\">\n<div class=\"kc-elm kc-css-1907000\" style=\"height: 18px; clear: both; width: 100%;\"><\/div>\n<div class=\"kc-elm kc-css-1352649 kc_text_block\">\n<h4>Kontrola izlaznog pritiska<\/h4>\n<p>Upotreba u aplikacijama gde se zahteva promenljiv pritisak. PPC je kontroliran elektri\u010dnim signalom, koji<br \/>pru\u017ea mogu\u0107nosti i pozicije cilindra.<\/p>\n<\/div>\n<div class=\"kc-elm kc-css-3396292\"><a class=\"kc_button btn btn-tio\" title=\"Vi\u0161e\" href=\"https:\/\/www.macvalves.com\/product-category\/proportional-pressure-control\/\" target=\"_blank\" rel=\"noopener\">Vi\u0161e informacija <\/a><\/div>\n<\/div>\n<\/div>\n<\/div>\n<\/div>\n<\/section>\n<p>\n<\/div><\/div><\/div><\/div><\/div><\/section>\n","protected":false},"excerpt":{"rendered":"","protected":false},"author":3,"featured_media":0,"parent":6090,"menu_order":0,"comment_status":"closed","ping_status":"closed","template":"page-tpl_left_sidebar.php","meta":{"footnotes":""},"class_list":["post-6108","page","type-page","status-publish","hentry"],"yoast_head":"<!-- This site is optimized with the Yoast SEO plugin v23.6 - https:\/\/yoast.com\/wordpress\/plugins\/seo\/ -->\n<title>PROPORCIONALNI REGULATORI PRITISKA - PPC - PMPP - PQE - Tio Pnevmatika<\/title>\n<meta name=\"robots\" content=\"index, follow, max-snippet:-1, max-image-preview:large, max-video-preview:-1\" \/>\n<link rel=\"canonical\" href=\"https:\/\/tio-pnevmatika.si\/sr\/mac-valves\/proizvodi\/razvodnici\/proporcionalni-regulatori-pritiska-ppc-pmpp-pqe\/\" \/>\n<meta property=\"og:locale\" content=\"sr_RS\" \/>\n<meta property=\"og:type\" content=\"article\" \/>\n<meta property=\"og:title\" content=\"PROPORCIONALNI REGULATORI PRITISKA - PPC - PMPP - PQE - Tio Pnevmatika\" \/>\n<meta property=\"og:description\" content=\"Kontrola izlaznog pritiska Upotreba u aplikacijama gde se zahteva promenljiv pritisak. PPC je kontroliran elektri\u010dnim signalom, kojipru\u017ea mogu\u0107nosti i pozicije cilindra. Vi\u0161e informacija\" \/>\n<meta property=\"og:url\" content=\"https:\/\/tio-pnevmatika.si\/sr\/mac-valves\/proizvodi\/razvodnici\/proporcionalni-regulatori-pritiska-ppc-pmpp-pqe\/\" \/>\n<meta property=\"og:site_name\" content=\"Tio Pnevmatika\" \/>\n<meta property=\"article:publisher\" content=\"https:\/\/www.facebook.com\/tiopnevmatika\/\" \/>\n<meta property=\"article:modified_time\" content=\"2023-11-29T16:47:44+00:00\" \/>\n<meta property=\"og:image\" content=\"https:\/\/tio-pnevmatika.si\/wp-content\/uploads\/2023\/06\/proporcionalni-regulatorji-tlaka-PPC-PMPP-PQE.jpg\" \/>\n<meta name=\"twitter:card\" content=\"summary_large_image\" \/>\n<meta name=\"twitter:label1\" content=\"\u041f\u0440\u043e\u0446\u0435\u045a\u0435\u043d\u043e \u0432\u0440\u0435\u043c\u0435 \u0447\u0438\u0442\u0430\u045a\u0430\" \/>\n\t<meta name=\"twitter:data1\" content=\"1 \u043c\u0438\u043d\u0443\u0442\" \/>\n<script type=\"application\/ld+json\" class=\"yoast-schema-graph\">{\"@context\":\"https:\/\/schema.org\",\"@graph\":[{\"@type\":\"WebPage\",\"@id\":\"https:\/\/tio-pnevmatika.si\/sr\/mac-valves\/proizvodi\/razvodnici\/proporcionalni-regulatori-pritiska-ppc-pmpp-pqe\/\",\"url\":\"https:\/\/tio-pnevmatika.si\/sr\/mac-valves\/proizvodi\/razvodnici\/proporcionalni-regulatori-pritiska-ppc-pmpp-pqe\/\",\"name\":\"PROPORCIONALNI REGULATORI PRITISKA - PPC - PMPP - PQE - Tio Pnevmatika\",\"isPartOf\":{\"@id\":\"https:\/\/tio-pnevmatika.si\/sr\/#website\"},\"primaryImageOfPage\":{\"@id\":\"https:\/\/tio-pnevmatika.si\/sr\/mac-valves\/proizvodi\/razvodnici\/proporcionalni-regulatori-pritiska-ppc-pmpp-pqe\/#primaryimage\"},\"image\":{\"@id\":\"https:\/\/tio-pnevmatika.si\/sr\/mac-valves\/proizvodi\/razvodnici\/proporcionalni-regulatori-pritiska-ppc-pmpp-pqe\/#primaryimage\"},\"thumbnailUrl\":\"https:\/\/tio-pnevmatika.si\/wp-content\/uploads\/2023\/06\/proporcionalni-regulatorji-tlaka-PPC-PMPP-PQE.jpg\",\"datePublished\":\"2023-06-09T11:58:08+00:00\",\"dateModified\":\"2023-11-29T16:47:44+00:00\",\"breadcrumb\":{\"@id\":\"https:\/\/tio-pnevmatika.si\/sr\/mac-valves\/proizvodi\/razvodnici\/proporcionalni-regulatori-pritiska-ppc-pmpp-pqe\/#breadcrumb\"},\"inLanguage\":\"sr-RS\",\"potentialAction\":[{\"@type\":\"ReadAction\",\"target\":[\"https:\/\/tio-pnevmatika.si\/sr\/mac-valves\/proizvodi\/razvodnici\/proporcionalni-regulatori-pritiska-ppc-pmpp-pqe\/\"]}]},{\"@type\":\"ImageObject\",\"inLanguage\":\"sr-RS\",\"@id\":\"https:\/\/tio-pnevmatika.si\/sr\/mac-valves\/proizvodi\/razvodnici\/proporcionalni-regulatori-pritiska-ppc-pmpp-pqe\/#primaryimage\",\"url\":\"https:\/\/tio-pnevmatika.si\/wp-content\/uploads\/2023\/06\/proporcionalni-regulatorji-tlaka-PPC-PMPP-PQE.jpg\",\"contentUrl\":\"https:\/\/tio-pnevmatika.si\/wp-content\/uploads\/2023\/06\/proporcionalni-regulatorji-tlaka-PPC-PMPP-PQE.jpg\"},{\"@type\":\"BreadcrumbList\",\"@id\":\"https:\/\/tio-pnevmatika.si\/sr\/mac-valves\/proizvodi\/razvodnici\/proporcionalni-regulatori-pritiska-ppc-pmpp-pqe\/#breadcrumb\",\"itemListElement\":[{\"@type\":\"ListItem\",\"position\":1,\"name\":\"Po\u010detna stranica\",\"item\":\"https:\/\/tio-pnevmatika.si\/sr\/\"},{\"@type\":\"ListItem\",\"position\":2,\"name\":\"MAC Valves\",\"item\":\"https:\/\/tio-pnevmatika.si\/sr\/mac-valves\/\"},{\"@type\":\"ListItem\",\"position\":3,\"name\":\"Proizvodi\",\"item\":\"https:\/\/tio-pnevmatika.si\/sr\/mac-valves\/proizvodi\/\"},{\"@type\":\"ListItem\",\"position\":4,\"name\":\"Razvodnici\",\"item\":\"https:\/\/tio-pnevmatika.si\/sr\/mac-valves\/proizvodi\/razvodnici\/\"},{\"@type\":\"ListItem\",\"position\":5,\"name\":\"PROPORCIONALNI REGULATORI PRITISKA &#8211; PPC &#8211; PMPP &#8211; PQE\"}]},{\"@type\":\"WebSite\",\"@id\":\"https:\/\/tio-pnevmatika.si\/sr\/#website\",\"url\":\"https:\/\/tio-pnevmatika.si\/sr\/\",\"name\":\"Tio Pnevmatika\",\"description\":\"Izdelava pnevmatskih komponent.\",\"publisher\":{\"@id\":\"https:\/\/tio-pnevmatika.si\/sr\/#organization\"},\"potentialAction\":[{\"@type\":\"SearchAction\",\"target\":{\"@type\":\"EntryPoint\",\"urlTemplate\":\"https:\/\/tio-pnevmatika.si\/sr\/?s={search_term_string}\"},\"query-input\":{\"@type\":\"PropertyValueSpecification\",\"valueRequired\":true,\"valueName\":\"search_term_string\"}}],\"inLanguage\":\"sr-RS\"},{\"@type\":\"Organization\",\"@id\":\"https:\/\/tio-pnevmatika.si\/sr\/#organization\",\"name\":\"Tio Pneumatika\",\"url\":\"https:\/\/tio-pnevmatika.si\/sr\/\",\"logo\":{\"@type\":\"ImageObject\",\"inLanguage\":\"sr-RS\",\"@id\":\"https:\/\/tio-pnevmatika.si\/sr\/#\/schema\/logo\/image\/\",\"url\":\"https:\/\/tio-pnevmatika.si\/wp-content\/uploads\/2020\/06\/tio_logo_new_web.jpg\",\"contentUrl\":\"https:\/\/tio-pnevmatika.si\/wp-content\/uploads\/2020\/06\/tio_logo_new_web.jpg\",\"width\":500,\"height\":167,\"caption\":\"Tio Pneumatika\"},\"image\":{\"@id\":\"https:\/\/tio-pnevmatika.si\/sr\/#\/schema\/logo\/image\/\"},\"sameAs\":[\"https:\/\/www.facebook.com\/tiopnevmatika\/\",\"https:\/\/www.instagram.com\/tiopnevmatika\/\",\"https:\/\/www.linkedin.com\/company\/tio-pnevmatika\"]}]}<\/script>\n<!-- \/ Yoast SEO plugin. -->","yoast_head_json":{"title":"PROPORCIONALNI REGULATORI PRITISKA - PPC - PMPP - PQE - Tio Pnevmatika","robots":{"index":"index","follow":"follow","max-snippet":"max-snippet:-1","max-image-preview":"max-image-preview:large","max-video-preview":"max-video-preview:-1"},"canonical":"https:\/\/tio-pnevmatika.si\/sr\/mac-valves\/proizvodi\/razvodnici\/proporcionalni-regulatori-pritiska-ppc-pmpp-pqe\/","og_locale":"sr_RS","og_type":"article","og_title":"PROPORCIONALNI REGULATORI PRITISKA - PPC - PMPP - PQE - Tio Pnevmatika","og_description":"Kontrola izlaznog pritiska Upotreba u aplikacijama gde se zahteva promenljiv pritisak. PPC je kontroliran elektri\u010dnim signalom, kojipru\u017ea mogu\u0107nosti i pozicije cilindra. Vi\u0161e informacija","og_url":"https:\/\/tio-pnevmatika.si\/sr\/mac-valves\/proizvodi\/razvodnici\/proporcionalni-regulatori-pritiska-ppc-pmpp-pqe\/","og_site_name":"Tio Pnevmatika","article_publisher":"https:\/\/www.facebook.com\/tiopnevmatika\/","article_modified_time":"2023-11-29T16:47:44+00:00","og_image":[{"url":"https:\/\/tio-pnevmatika.si\/wp-content\/uploads\/2023\/06\/proporcionalni-regulatorji-tlaka-PPC-PMPP-PQE.jpg"}],"twitter_card":"summary_large_image","twitter_misc":{"\u041f\u0440\u043e\u0446\u0435\u045a\u0435\u043d\u043e \u0432\u0440\u0435\u043c\u0435 \u0447\u0438\u0442\u0430\u045a\u0430":"1 \u043c\u0438\u043d\u0443\u0442"},"schema":{"@context":"https:\/\/schema.org","@graph":[{"@type":"WebPage","@id":"https:\/\/tio-pnevmatika.si\/sr\/mac-valves\/proizvodi\/razvodnici\/proporcionalni-regulatori-pritiska-ppc-pmpp-pqe\/","url":"https:\/\/tio-pnevmatika.si\/sr\/mac-valves\/proizvodi\/razvodnici\/proporcionalni-regulatori-pritiska-ppc-pmpp-pqe\/","name":"PROPORCIONALNI REGULATORI PRITISKA - PPC - PMPP - PQE - Tio Pnevmatika","isPartOf":{"@id":"https:\/\/tio-pnevmatika.si\/sr\/#website"},"primaryImageOfPage":{"@id":"https:\/\/tio-pnevmatika.si\/sr\/mac-valves\/proizvodi\/razvodnici\/proporcionalni-regulatori-pritiska-ppc-pmpp-pqe\/#primaryimage"},"image":{"@id":"https:\/\/tio-pnevmatika.si\/sr\/mac-valves\/proizvodi\/razvodnici\/proporcionalni-regulatori-pritiska-ppc-pmpp-pqe\/#primaryimage"},"thumbnailUrl":"https:\/\/tio-pnevmatika.si\/wp-content\/uploads\/2023\/06\/proporcionalni-regulatorji-tlaka-PPC-PMPP-PQE.jpg","datePublished":"2023-06-09T11:58:08+00:00","dateModified":"2023-11-29T16:47:44+00:00","breadcrumb":{"@id":"https:\/\/tio-pnevmatika.si\/sr\/mac-valves\/proizvodi\/razvodnici\/proporcionalni-regulatori-pritiska-ppc-pmpp-pqe\/#breadcrumb"},"inLanguage":"sr-RS","potentialAction":[{"@type":"ReadAction","target":["https:\/\/tio-pnevmatika.si\/sr\/mac-valves\/proizvodi\/razvodnici\/proporcionalni-regulatori-pritiska-ppc-pmpp-pqe\/"]}]},{"@type":"ImageObject","inLanguage":"sr-RS","@id":"https:\/\/tio-pnevmatika.si\/sr\/mac-valves\/proizvodi\/razvodnici\/proporcionalni-regulatori-pritiska-ppc-pmpp-pqe\/#primaryimage","url":"https:\/\/tio-pnevmatika.si\/wp-content\/uploads\/2023\/06\/proporcionalni-regulatorji-tlaka-PPC-PMPP-PQE.jpg","contentUrl":"https:\/\/tio-pnevmatika.si\/wp-content\/uploads\/2023\/06\/proporcionalni-regulatorji-tlaka-PPC-PMPP-PQE.jpg"},{"@type":"BreadcrumbList","@id":"https:\/\/tio-pnevmatika.si\/sr\/mac-valves\/proizvodi\/razvodnici\/proporcionalni-regulatori-pritiska-ppc-pmpp-pqe\/#breadcrumb","itemListElement":[{"@type":"ListItem","position":1,"name":"Po\u010detna stranica","item":"https:\/\/tio-pnevmatika.si\/sr\/"},{"@type":"ListItem","position":2,"name":"MAC Valves","item":"https:\/\/tio-pnevmatika.si\/sr\/mac-valves\/"},{"@type":"ListItem","position":3,"name":"Proizvodi","item":"https:\/\/tio-pnevmatika.si\/sr\/mac-valves\/proizvodi\/"},{"@type":"ListItem","position":4,"name":"Razvodnici","item":"https:\/\/tio-pnevmatika.si\/sr\/mac-valves\/proizvodi\/razvodnici\/"},{"@type":"ListItem","position":5,"name":"PROPORCIONALNI REGULATORI PRITISKA &#8211; PPC &#8211; PMPP &#8211; PQE"}]},{"@type":"WebSite","@id":"https:\/\/tio-pnevmatika.si\/sr\/#website","url":"https:\/\/tio-pnevmatika.si\/sr\/","name":"Tio Pnevmatika","description":"Izdelava pnevmatskih komponent.","publisher":{"@id":"https:\/\/tio-pnevmatika.si\/sr\/#organization"},"potentialAction":[{"@type":"SearchAction","target":{"@type":"EntryPoint","urlTemplate":"https:\/\/tio-pnevmatika.si\/sr\/?s={search_term_string}"},"query-input":{"@type":"PropertyValueSpecification","valueRequired":true,"valueName":"search_term_string"}}],"inLanguage":"sr-RS"},{"@type":"Organization","@id":"https:\/\/tio-pnevmatika.si\/sr\/#organization","name":"Tio Pneumatika","url":"https:\/\/tio-pnevmatika.si\/sr\/","logo":{"@type":"ImageObject","inLanguage":"sr-RS","@id":"https:\/\/tio-pnevmatika.si\/sr\/#\/schema\/logo\/image\/","url":"https:\/\/tio-pnevmatika.si\/wp-content\/uploads\/2020\/06\/tio_logo_new_web.jpg","contentUrl":"https:\/\/tio-pnevmatika.si\/wp-content\/uploads\/2020\/06\/tio_logo_new_web.jpg","width":500,"height":167,"caption":"Tio Pneumatika"},"image":{"@id":"https:\/\/tio-pnevmatika.si\/sr\/#\/schema\/logo\/image\/"},"sameAs":["https:\/\/www.facebook.com\/tiopnevmatika\/","https:\/\/www.instagram.com\/tiopnevmatika\/","https:\/\/www.linkedin.com\/company\/tio-pnevmatika"]}]}},"_links":{"self":[{"href":"https:\/\/tio-pnevmatika.si\/sr\/wp-json\/wp\/v2\/pages\/6108"}],"collection":[{"href":"https:\/\/tio-pnevmatika.si\/sr\/wp-json\/wp\/v2\/pages"}],"about":[{"href":"https:\/\/tio-pnevmatika.si\/sr\/wp-json\/wp\/v2\/types\/page"}],"author":[{"embeddable":true,"href":"https:\/\/tio-pnevmatika.si\/sr\/wp-json\/wp\/v2\/users\/3"}],"replies":[{"embeddable":true,"href":"https:\/\/tio-pnevmatika.si\/sr\/wp-json\/wp\/v2\/comments?post=6108"}],"version-history":[{"count":2,"href":"https:\/\/tio-pnevmatika.si\/sr\/wp-json\/wp\/v2\/pages\/6108\/revisions"}],"predecessor-version":[{"id":6110,"href":"https:\/\/tio-pnevmatika.si\/sr\/wp-json\/wp\/v2\/pages\/6108\/revisions\/6110"}],"up":[{"embeddable":true,"href":"https:\/\/tio-pnevmatika.si\/sr\/wp-json\/wp\/v2\/pages\/6090"}],"wp:attachment":[{"href":"https:\/\/tio-pnevmatika.si\/sr\/wp-json\/wp\/v2\/media?parent=6108"}],"curies":[{"name":"wp","href":"https:\/\/api.w.org\/{rel}","templated":true}]}}