{"id":4509,"date":"2020-10-18T22:03:33","date_gmt":"2020-10-18T22:03:33","guid":{"rendered":"https:\/\/tio-pnevmatika.si\/product\/iso-15552-cilindri-serije-pcas-pcasp-pcast\/"},"modified":"2020-10-18T22:03:33","modified_gmt":"2020-10-18T22:03:33","slug":"iso-15552-cilindri-serije-pcas-pcasp-pcast-2","status":"publish","type":"product","link":"https:\/\/tio-pnevmatika.si\/sr\/proizvod\/iso-15552-cilindri-serije-pcas-pcasp-pcast-2\/","title":{"rendered":"ISO 15552 CILINDRI SERIJE PCAS, PCASP, PCAST"},"content":{"rendered":"<p><strong>ISO 15552 Cilindri<\/strong><\/p>\n<ul>\n<li>Serije:\n<ul>\n<li><strong>PCAS<\/strong> &#8211; profilna cev z utorom<\/li>\n<li><strong>PCASP<\/strong> &#8211; profilna cev (samo verzija brez magneta)<\/li>\n<li><strong>PCAST<\/strong> &#8211; okrogla cev z vezanimi vijaki<\/li>\n<\/ul>\n<\/li>\n<li>Premeri: <span id=\"page2852R_mcid63\" class=\"markedContent\"><span dir=\"ltr\" role=\"presentation\">\u03a6 32, \u03a6 40, \u03a6 50, \u03a6 63, \u03a6 80, \u03a6 100, \u03a6 125<\/span><\/span><\/li>\n<li>Vrsta:\n<ul>\n<li><strong>B<\/strong> &#8211; <span id=\"page2852R_mcid72\" class=\"markedContent\"><span dir=\"ltr\" role=\"presentation\">dvosmerno delu<\/span><\/span><span id=\"page2852R_mcid73\" class=\"markedContent\"><span dir=\"ltr\" role=\"presentation\">&#8211;<\/span><\/span><span id=\"page2852R_mcid74\" class=\"markedContent\"><br role=\"presentation\"> <span dir=\"ltr\" role=\"presentation\">jo\u010di z obojestranskim<\/span><\/span><span id=\"page2852R_mcid75\" class=\"markedContent\"><br role=\"presentation\"> <span dir=\"ltr\" role=\"presentation\">pnevmati\u010dnim du\u0161enjem<\/span><\/span><\/li>\n<li><strong>D<\/strong> &#8211; <span id=\"page2852R_mcid77\" class=\"markedContent\"><span dir=\"ltr\" role=\"presentation\">dvosmerno delu<\/span><\/span><span id=\"page2852R_mcid78\" class=\"markedContent\"><span dir=\"ltr\" role=\"presentation\">&#8211;<\/span><\/span><span id=\"page2852R_mcid79\" class=\"markedContent\"><br role=\"presentation\"> <span dir=\"ltr\" role=\"presentation\">jo\u010di z obojestranskim<\/span><\/span><span id=\"page2852R_mcid80\" class=\"markedContent\"><br role=\"presentation\"> <span dir=\"ltr\" role=\"presentation\">pnevmati\u010dnim du\u0161enjem<\/span><\/span><span id=\"page2852R_mcid81\" class=\"markedContent\"><br role=\"presentation\"> <span dir=\"ltr\" role=\"presentation\">in dvostransko batnico<\/span><\/span>v<\/li>\n<li><strong>ND<\/strong> &#8211; <span id=\"page2852R_mcid83\" class=\"markedContent\"><span dir=\"ltr\" role=\"presentation\">dvosmerno delu<\/span><\/span><span id=\"page2852R_mcid84\" class=\"markedContent\"><span dir=\"ltr\" role=\"presentation\">&#8211;<\/span><\/span><span id=\"page2852R_mcid85\" class=\"markedContent\"><br role=\"presentation\"> <span dir=\"ltr\" role=\"presentation\">jo\u010di z obojestranskim<\/span><\/span><span id=\"page2852R_mcid86\" class=\"markedContent\"><br role=\"presentation\"> <span dir=\"ltr\" role=\"presentation\">pnevmati\u010dnim du\u0161enjem<\/span><\/span><span id=\"page2852R_mcid87\" class=\"markedContent\"><br role=\"presentation\"> <span dir=\"ltr\" role=\"presentation\">in nastavljivim hodom<\/span><\/span><\/li>\n<\/ul>\n<\/li>\n<li>Z in brez magneta<\/li>\n<li>Hod: 0-2000<\/li>\n<li>Z NBR, FKM ali PU tesnilom<\/li>\n<li>Batnica: CK45 trda kromana ali AISI316<\/li>\n<\/ul>\n<p>Vse tehni\u010dne podrobnosti in kodo za naro\u010dilo najdete v na\u0161em katalo\u0161kem <a href=\"https:\/\/tio-pnevmatika.si\/wp-content\/uploads\/katalog\/1.1.1-iso-15552-cilindri-serije-pcas-pcasp-pcast.pdf\" target=\"_blank\" rel=\"noopener\">listu<\/a>.<\/p>\n","protected":false},"excerpt":{"rendered":"<p>ISO 15552 Cilindri Serije: PCAS &#8211; profilna cev z utorom PCASP &#8211; profilna cev (samo verzija brez magneta) PCAST &#8211; okrogla cev z vezanimi vijaki Premeri: \u03a6 32, \u03a6 40, \u03a6 50, \u03a6 63, \u03a6 80, \u03a6 100, \u03a6 125 Vrsta: B &#8211; dvosmerno delu&#8211; jo\u010di z obojestranskim pnevmati\u010dnim du\u0161enjem D &#8211; dvosmerno delu&#8211; jo\u010di [&hellip;]<\/p>\n","protected":false},"featured_media":4162,"template":"","meta":[],"product_cat":[691],"product_tag":[],"class_list":{"0":"post-4509","1":"product","2":"type-product","3":"status-publish","4":"has-post-thumbnail","6":"product_cat-iso-15552-cilindri-sr","8":"first","9":"instock","10":"shipping-taxable","11":"product-type-simple"},"yoast_head":"<!-- This site is optimized with the Yoast SEO plugin v23.6 - https:\/\/yoast.com\/wordpress\/plugins\/seo\/ -->\n<title>ISO 15552 CILINDRI SERIJE PCAS, PCASP, PCAST - Tio Pnevmatika<\/title>\n<meta name=\"robots\" content=\"index, follow, max-snippet:-1, max-image-preview:large, max-video-preview:-1\" \/>\n<link rel=\"canonical\" href=\"https:\/\/tio-pnevmatika.si\/sr\/proizvod\/iso-15552-cilindri-serije-pcas-pcasp-pcast-2\/\" \/>\n<meta property=\"og:locale\" content=\"sr_RS\" \/>\n<meta property=\"og:type\" content=\"article\" \/>\n<meta property=\"og:title\" content=\"ISO 15552 CILINDRI SERIJE PCAS, PCASP, PCAST - Tio Pnevmatika\" \/>\n<meta property=\"og:description\" content=\"ISO 15552 Cilindri Serije: PCAS &#8211; profilna cev z utorom PCASP &#8211; profilna cev (samo verzija brez magneta) PCAST &#8211; okrogla cev z vezanimi vijaki Premeri: \u03a6 32, \u03a6 40, \u03a6 50, \u03a6 63, \u03a6 80, \u03a6 100, \u03a6 125 Vrsta: B &#8211; dvosmerno delu&#8211; jo\u010di z obojestranskim pnevmati\u010dnim du\u0161enjem D &#8211; dvosmerno delu&#8211; jo\u010di [&hellip;]\" \/>\n<meta property=\"og:url\" content=\"https:\/\/tio-pnevmatika.si\/sr\/proizvod\/iso-15552-cilindri-serije-pcas-pcasp-pcast-2\/\" \/>\n<meta property=\"og:site_name\" content=\"Tio Pnevmatika\" \/>\n<meta property=\"article:publisher\" content=\"https:\/\/www.facebook.com\/tiopnevmatika\/\" \/>\n<meta property=\"og:image\" content=\"https:\/\/tio-pnevmatika.si\/wp-content\/uploads\/2021\/03\/1.1.1-iso-15552-cilindri-serije-pcas-pcasp-pcast.jpg\" \/>\n\t<meta property=\"og:image:width\" content=\"964\" \/>\n\t<meta property=\"og:image:height\" content=\"964\" \/>\n\t<meta property=\"og:image:type\" content=\"image\/jpeg\" \/>\n<meta name=\"twitter:card\" content=\"summary_large_image\" \/>\n<meta name=\"twitter:label1\" content=\"\u041f\u0440\u043e\u0446\u0435\u045a\u0435\u043d\u043e \u0432\u0440\u0435\u043c\u0435 \u0447\u0438\u0442\u0430\u045a\u0430\" \/>\n\t<meta name=\"twitter:data1\" content=\"1 \u043c\u0438\u043d\u0443\u0442\" \/>\n<script type=\"application\/ld+json\" class=\"yoast-schema-graph\">{\"@context\":\"https:\/\/schema.org\",\"@graph\":[{\"@type\":\"WebPage\",\"@id\":\"https:\/\/tio-pnevmatika.si\/sr\/proizvod\/iso-15552-cilindri-serije-pcas-pcasp-pcast-2\/\",\"url\":\"https:\/\/tio-pnevmatika.si\/sr\/proizvod\/iso-15552-cilindri-serije-pcas-pcasp-pcast-2\/\",\"name\":\"ISO 15552 CILINDRI SERIJE PCAS, PCASP, PCAST - Tio Pnevmatika\",\"isPartOf\":{\"@id\":\"https:\/\/tio-pnevmatika.si\/sr\/#website\"},\"primaryImageOfPage\":{\"@id\":\"https:\/\/tio-pnevmatika.si\/sr\/proizvod\/iso-15552-cilindri-serije-pcas-pcasp-pcast-2\/#primaryimage\"},\"image\":{\"@id\":\"https:\/\/tio-pnevmatika.si\/sr\/proizvod\/iso-15552-cilindri-serije-pcas-pcasp-pcast-2\/#primaryimage\"},\"thumbnailUrl\":\"https:\/\/tio-pnevmatika.si\/wp-content\/uploads\/2021\/03\/1.1.1-iso-15552-cilindri-serije-pcas-pcasp-pcast.jpg\",\"datePublished\":\"2020-10-18T22:03:33+00:00\",\"dateModified\":\"2020-10-18T22:03:33+00:00\",\"breadcrumb\":{\"@id\":\"https:\/\/tio-pnevmatika.si\/sr\/proizvod\/iso-15552-cilindri-serije-pcas-pcasp-pcast-2\/#breadcrumb\"},\"inLanguage\":\"sr-RS\",\"potentialAction\":[{\"@type\":\"ReadAction\",\"target\":[\"https:\/\/tio-pnevmatika.si\/sr\/proizvod\/iso-15552-cilindri-serije-pcas-pcasp-pcast-2\/\"]}]},{\"@type\":\"ImageObject\",\"inLanguage\":\"sr-RS\",\"@id\":\"https:\/\/tio-pnevmatika.si\/sr\/proizvod\/iso-15552-cilindri-serije-pcas-pcasp-pcast-2\/#primaryimage\",\"url\":\"https:\/\/tio-pnevmatika.si\/wp-content\/uploads\/2021\/03\/1.1.1-iso-15552-cilindri-serije-pcas-pcasp-pcast.jpg\",\"contentUrl\":\"https:\/\/tio-pnevmatika.si\/wp-content\/uploads\/2021\/03\/1.1.1-iso-15552-cilindri-serije-pcas-pcasp-pcast.jpg\",\"width\":964,\"height\":964},{\"@type\":\"BreadcrumbList\",\"@id\":\"https:\/\/tio-pnevmatika.si\/sr\/proizvod\/iso-15552-cilindri-serije-pcas-pcasp-pcast-2\/#breadcrumb\",\"itemListElement\":[{\"@type\":\"ListItem\",\"position\":1,\"name\":\"Po\u010detna stranica\",\"item\":\"https:\/\/tio-pnevmatika.si\/sr\/\"},{\"@type\":\"ListItem\",\"position\":2,\"name\":\"Trgovina\",\"item\":\"https:\/\/tio-pnevmatika.si\/trgovina\/\"},{\"@type\":\"ListItem\",\"position\":3,\"name\":\"ISO 15552 CILINDRI SERIJE PCAS, PCASP, PCAST\"}]},{\"@type\":\"WebSite\",\"@id\":\"https:\/\/tio-pnevmatika.si\/sr\/#website\",\"url\":\"https:\/\/tio-pnevmatika.si\/sr\/\",\"name\":\"Tio Pnevmatika\",\"description\":\"Izdelava pnevmatskih komponent.\",\"publisher\":{\"@id\":\"https:\/\/tio-pnevmatika.si\/sr\/#organization\"},\"potentialAction\":[{\"@type\":\"SearchAction\",\"target\":{\"@type\":\"EntryPoint\",\"urlTemplate\":\"https:\/\/tio-pnevmatika.si\/sr\/?s={search_term_string}\"},\"query-input\":{\"@type\":\"PropertyValueSpecification\",\"valueRequired\":true,\"valueName\":\"search_term_string\"}}],\"inLanguage\":\"sr-RS\"},{\"@type\":\"Organization\",\"@id\":\"https:\/\/tio-pnevmatika.si\/sr\/#organization\",\"name\":\"Tio Pneumatika\",\"url\":\"https:\/\/tio-pnevmatika.si\/sr\/\",\"logo\":{\"@type\":\"ImageObject\",\"inLanguage\":\"sr-RS\",\"@id\":\"https:\/\/tio-pnevmatika.si\/sr\/#\/schema\/logo\/image\/\",\"url\":\"https:\/\/tio-pnevmatika.si\/wp-content\/uploads\/2020\/06\/tio_logo_new_web.jpg\",\"contentUrl\":\"https:\/\/tio-pnevmatika.si\/wp-content\/uploads\/2020\/06\/tio_logo_new_web.jpg\",\"width\":500,\"height\":167,\"caption\":\"Tio Pneumatika\"},\"image\":{\"@id\":\"https:\/\/tio-pnevmatika.si\/sr\/#\/schema\/logo\/image\/\"},\"sameAs\":[\"https:\/\/www.facebook.com\/tiopnevmatika\/\",\"https:\/\/www.instagram.com\/tiopnevmatika\/\",\"https:\/\/www.linkedin.com\/company\/tio-pnevmatika\"]}]}<\/script>\n<!-- \/ Yoast SEO plugin. -->","yoast_head_json":{"title":"ISO 15552 CILINDRI SERIJE PCAS, PCASP, PCAST - Tio Pnevmatika","robots":{"index":"index","follow":"follow","max-snippet":"max-snippet:-1","max-image-preview":"max-image-preview:large","max-video-preview":"max-video-preview:-1"},"canonical":"https:\/\/tio-pnevmatika.si\/sr\/proizvod\/iso-15552-cilindri-serije-pcas-pcasp-pcast-2\/","og_locale":"sr_RS","og_type":"article","og_title":"ISO 15552 CILINDRI SERIJE PCAS, PCASP, PCAST - Tio Pnevmatika","og_description":"ISO 15552 Cilindri Serije: PCAS &#8211; profilna cev z utorom PCASP &#8211; profilna cev (samo verzija brez magneta) PCAST &#8211; okrogla cev z vezanimi vijaki Premeri: \u03a6 32, \u03a6 40, \u03a6 50, \u03a6 63, \u03a6 80, \u03a6 100, \u03a6 125 Vrsta: B &#8211; dvosmerno delu&#8211; jo\u010di z obojestranskim pnevmati\u010dnim du\u0161enjem D &#8211; dvosmerno delu&#8211; jo\u010di [&hellip;]","og_url":"https:\/\/tio-pnevmatika.si\/sr\/proizvod\/iso-15552-cilindri-serije-pcas-pcasp-pcast-2\/","og_site_name":"Tio Pnevmatika","article_publisher":"https:\/\/www.facebook.com\/tiopnevmatika\/","og_image":[{"width":964,"height":964,"url":"https:\/\/tio-pnevmatika.si\/wp-content\/uploads\/2021\/03\/1.1.1-iso-15552-cilindri-serije-pcas-pcasp-pcast.jpg","type":"image\/jpeg"}],"twitter_card":"summary_large_image","twitter_misc":{"\u041f\u0440\u043e\u0446\u0435\u045a\u0435\u043d\u043e \u0432\u0440\u0435\u043c\u0435 \u0447\u0438\u0442\u0430\u045a\u0430":"1 \u043c\u0438\u043d\u0443\u0442"},"schema":{"@context":"https:\/\/schema.org","@graph":[{"@type":"WebPage","@id":"https:\/\/tio-pnevmatika.si\/sr\/proizvod\/iso-15552-cilindri-serije-pcas-pcasp-pcast-2\/","url":"https:\/\/tio-pnevmatika.si\/sr\/proizvod\/iso-15552-cilindri-serije-pcas-pcasp-pcast-2\/","name":"ISO 15552 CILINDRI SERIJE PCAS, PCASP, PCAST - Tio Pnevmatika","isPartOf":{"@id":"https:\/\/tio-pnevmatika.si\/sr\/#website"},"primaryImageOfPage":{"@id":"https:\/\/tio-pnevmatika.si\/sr\/proizvod\/iso-15552-cilindri-serije-pcas-pcasp-pcast-2\/#primaryimage"},"image":{"@id":"https:\/\/tio-pnevmatika.si\/sr\/proizvod\/iso-15552-cilindri-serije-pcas-pcasp-pcast-2\/#primaryimage"},"thumbnailUrl":"https:\/\/tio-pnevmatika.si\/wp-content\/uploads\/2021\/03\/1.1.1-iso-15552-cilindri-serije-pcas-pcasp-pcast.jpg","datePublished":"2020-10-18T22:03:33+00:00","dateModified":"2020-10-18T22:03:33+00:00","breadcrumb":{"@id":"https:\/\/tio-pnevmatika.si\/sr\/proizvod\/iso-15552-cilindri-serije-pcas-pcasp-pcast-2\/#breadcrumb"},"inLanguage":"sr-RS","potentialAction":[{"@type":"ReadAction","target":["https:\/\/tio-pnevmatika.si\/sr\/proizvod\/iso-15552-cilindri-serije-pcas-pcasp-pcast-2\/"]}]},{"@type":"ImageObject","inLanguage":"sr-RS","@id":"https:\/\/tio-pnevmatika.si\/sr\/proizvod\/iso-15552-cilindri-serije-pcas-pcasp-pcast-2\/#primaryimage","url":"https:\/\/tio-pnevmatika.si\/wp-content\/uploads\/2021\/03\/1.1.1-iso-15552-cilindri-serije-pcas-pcasp-pcast.jpg","contentUrl":"https:\/\/tio-pnevmatika.si\/wp-content\/uploads\/2021\/03\/1.1.1-iso-15552-cilindri-serije-pcas-pcasp-pcast.jpg","width":964,"height":964},{"@type":"BreadcrumbList","@id":"https:\/\/tio-pnevmatika.si\/sr\/proizvod\/iso-15552-cilindri-serije-pcas-pcasp-pcast-2\/#breadcrumb","itemListElement":[{"@type":"ListItem","position":1,"name":"Po\u010detna stranica","item":"https:\/\/tio-pnevmatika.si\/sr\/"},{"@type":"ListItem","position":2,"name":"Trgovina","item":"https:\/\/tio-pnevmatika.si\/trgovina\/"},{"@type":"ListItem","position":3,"name":"ISO 15552 CILINDRI SERIJE PCAS, PCASP, PCAST"}]},{"@type":"WebSite","@id":"https:\/\/tio-pnevmatika.si\/sr\/#website","url":"https:\/\/tio-pnevmatika.si\/sr\/","name":"Tio Pnevmatika","description":"Izdelava pnevmatskih komponent.","publisher":{"@id":"https:\/\/tio-pnevmatika.si\/sr\/#organization"},"potentialAction":[{"@type":"SearchAction","target":{"@type":"EntryPoint","urlTemplate":"https:\/\/tio-pnevmatika.si\/sr\/?s={search_term_string}"},"query-input":{"@type":"PropertyValueSpecification","valueRequired":true,"valueName":"search_term_string"}}],"inLanguage":"sr-RS"},{"@type":"Organization","@id":"https:\/\/tio-pnevmatika.si\/sr\/#organization","name":"Tio Pneumatika","url":"https:\/\/tio-pnevmatika.si\/sr\/","logo":{"@type":"ImageObject","inLanguage":"sr-RS","@id":"https:\/\/tio-pnevmatika.si\/sr\/#\/schema\/logo\/image\/","url":"https:\/\/tio-pnevmatika.si\/wp-content\/uploads\/2020\/06\/tio_logo_new_web.jpg","contentUrl":"https:\/\/tio-pnevmatika.si\/wp-content\/uploads\/2020\/06\/tio_logo_new_web.jpg","width":500,"height":167,"caption":"Tio Pneumatika"},"image":{"@id":"https:\/\/tio-pnevmatika.si\/sr\/#\/schema\/logo\/image\/"},"sameAs":["https:\/\/www.facebook.com\/tiopnevmatika\/","https:\/\/www.instagram.com\/tiopnevmatika\/","https:\/\/www.linkedin.com\/company\/tio-pnevmatika"]}]}},"_links":{"self":[{"href":"https:\/\/tio-pnevmatika.si\/sr\/wp-json\/wp\/v2\/product\/4509"}],"collection":[{"href":"https:\/\/tio-pnevmatika.si\/sr\/wp-json\/wp\/v2\/product"}],"about":[{"href":"https:\/\/tio-pnevmatika.si\/sr\/wp-json\/wp\/v2\/types\/product"}],"wp:featuredmedia":[{"embeddable":true,"href":"https:\/\/tio-pnevmatika.si\/sr\/wp-json\/wp\/v2\/media\/4162"}],"wp:attachment":[{"href":"https:\/\/tio-pnevmatika.si\/sr\/wp-json\/wp\/v2\/media?parent=4509"}],"wp:term":[{"taxonomy":"product_cat","embeddable":true,"href":"https:\/\/tio-pnevmatika.si\/sr\/wp-json\/wp\/v2\/product_cat?post=4509"},{"taxonomy":"product_tag","embeddable":true,"href":"https:\/\/tio-pnevmatika.si\/sr\/wp-json\/wp\/v2\/product_tag?post=4509"}],"curies":[{"name":"wp","href":"https:\/\/api.w.org\/{rel}","templated":true}]}}